{"id":1751,"date":"2025-01-07T17:25:59","date_gmt":"2025-01-07T16:25:59","guid":{"rendered":"https:\/\/apartamentsager.com\/the-montsec-astronomical-park\/"},"modified":"2025-01-09T09:20:20","modified_gmt":"2025-01-09T08:20:20","slug":"the-montsec-astronomical-park","status":"publish","type":"page","link":"https:\/\/apartamentsager.com\/en\/the-montsec-astronomical-park\/","title":{"rendered":"The Montsec Astronomical Park"},"content":{"rendered":"<div class=\"fusion-fullwidth fullwidth-box fusion-builder-row-1 fusion-flex-container has-pattern-background has-mask-background nonhundred-percent-fullwidth non-hundred-percent-height-scrolling\" style=\"--awb-border-radius-top-left:0px;--awb-border-radius-top-right:0px;--awb-border-radius-bottom-right:0px;--awb-border-radius-bottom-left:0px;--awb-flex-wrap:wrap;\" ><div class=\"fusion-builder-row fusion-row fusion-flex-align-items-flex-start fusion-flex-content-wrap\" style=\"max-width:1216.8px;margin-left: calc(-4% \/ 2 );margin-right: calc(-4% \/ 2 );\"><div class=\"fusion-layout-column fusion_builder_column fusion-builder-column-0 fusion_builder_column_1_2 1_2 fusion-flex-column\" style=\"--awb-bg-size:cover;--awb-width-large:50%;--awb-margin-top-large:0px;--awb-spacing-right-large:3.84%;--awb-margin-bottom-large:0px;--awb-spacing-left-large:3.84%;--awb-width-medium:100%;--awb-order-medium:0;--awb-spacing-right-medium:1.92%;--awb-spacing-left-medium:1.92%;--awb-width-small:100%;--awb-order-small:0;--awb-spacing-right-small:1.92%;--awb-spacing-left-small:1.92%;\"><div class=\"fusion-column-wrapper fusion-column-has-shadow fusion-flex-justify-content-flex-start fusion-content-layout-column\"><div class=\"fusion-text fusion-text-1\"><p>The Montsec Astronomical Park, located in the heart of the Montsec mountain range, in \u00c0ger, is one of the best places in Europe to observe the night sky. This place enjoys a clear sky free from light pollution thanks to the low population density and the climatic conditions of the area.<\/p>\n<p>The park&#8217;s surroundings are impressive, with landscapes of limestone mountains, Mediterranean forests and a spectacular view of the Lleida plain and the Pyrenees. The park is designed for all ages and combines science, nature and leisure. Its main attraction is the Ull del Montsec, a unique planetarium with a movable dome that allows you to enjoy both astronomical projections and direct observation of the sky.<\/p>\n<p>&nbsp;<\/p>\n<\/div><\/div><\/div><div class=\"fusion-layout-column fusion_builder_column fusion-builder-column-1 fusion_builder_column_1_2 1_2 fusion-flex-column\" style=\"--awb-bg-size:cover;--awb-width-large:50%;--awb-margin-top-large:0px;--awb-spacing-right-large:3.84%;--awb-margin-bottom-large:0px;--awb-spacing-left-large:3.84%;--awb-width-medium:100%;--awb-order-medium:0;--awb-spacing-right-medium:1.92%;--awb-spacing-left-medium:1.92%;--awb-width-small:100%;--awb-order-small:0;--awb-spacing-right-small:1.92%;--awb-spacing-left-small:1.92%;\"><div class=\"fusion-column-wrapper fusion-column-has-shadow fusion-flex-justify-content-flex-start fusion-content-layout-column\"><div class=\"fusion-image-element \" style=\"--awb-caption-title-font-family:var(--h2_typography-font-family);--awb-caption-title-font-weight:var(--h2_typography-font-weight);--awb-caption-title-font-style:var(--h2_typography-font-style);--awb-caption-title-size:var(--h2_typography-font-size);--awb-caption-title-transform:var(--h2_typography-text-transform);--awb-caption-title-line-height:var(--h2_typography-line-height);--awb-caption-title-letter-spacing:var(--h2_typography-letter-spacing);\"><span class=\" fusion-imageframe imageframe-none imageframe-1 hover-type-none\"><img decoding=\"async\" width=\"1700\" height=\"1133\" alt=\"Imatge de la Vall d&#039;\u00c0ger, on es troba el Parc Astron\u00f2mic del Montsec.\" title=\"DSC3129\" src=\"https:\/\/apartamentsager.com\/wp-content\/uploads\/2024\/03\/DSC3129.jpg\" data-orig-src=\"https:\/\/apartamentsager.com\/wp-content\/uploads\/2024\/03\/DSC3129.jpg\" class=\"lazyload img-responsive wp-image-1681\" srcset=\"data:image\/svg+xml,%3Csvg%20xmlns%3D%27http%3A%2F%2Fwww.w3.org%2F2000%2Fsvg%27%20width%3D%271700%27%20height%3D%271133%27%20viewBox%3D%270%200%201700%201133%27%3E%3Crect%20width%3D%271700%27%20height%3D%271133%27%20fill-opacity%3D%220%22%2F%3E%3C%2Fsvg%3E\" data-srcset=\"https:\/\/apartamentsager.com\/wp-content\/uploads\/2024\/03\/DSC3129-200x133.jpg 200w, https:\/\/apartamentsager.com\/wp-content\/uploads\/2024\/03\/DSC3129-400x267.jpg 400w, https:\/\/apartamentsager.com\/wp-content\/uploads\/2024\/03\/DSC3129-600x400.jpg 600w, https:\/\/apartamentsager.com\/wp-content\/uploads\/2024\/03\/DSC3129-800x533.jpg 800w, https:\/\/apartamentsager.com\/wp-content\/uploads\/2024\/03\/DSC3129-1200x800.jpg 1200w, https:\/\/apartamentsager.com\/wp-content\/uploads\/2024\/03\/DSC3129.jpg 1700w\" data-sizes=\"auto\" data-orig-sizes=\"(max-width: 1024px) 100vw, (max-width: 640px) 100vw, 600px\" \/><\/span><\/div><\/div><\/div><div class=\"fusion-layout-column fusion_builder_column fusion-builder-column-2 fusion_builder_column_1_1 1_1 fusion-flex-column\" style=\"--awb-bg-size:cover;--awb-width-large:100%;--awb-margin-top-large:0px;--awb-spacing-right-large:1.92%;--awb-margin-bottom-large:0px;--awb-spacing-left-large:1.92%;--awb-width-medium:100%;--awb-order-medium:0;--awb-spacing-right-medium:1.92%;--awb-spacing-left-medium:1.92%;--awb-width-small:100%;--awb-order-small:0;--awb-spacing-right-small:1.92%;--awb-spacing-left-small:1.92%;\"><div class=\"fusion-column-wrapper fusion-column-has-shadow fusion-flex-justify-content-flex-start fusion-content-layout-column\"><div class=\"fusion-text fusion-text-2\"><p>Activities include guided sessions to discover constellations, planets and galaxies with advanced telescopes, as well as educational workshops to learn about the universe. They are aimed at all audiences and can be held both day and night. It is also possible to visit the Universe Observation Center (COU), which has interactive exhibitions on astronomy and space sciences.<\/p>\n<p>Nights in the park are magical, especially during astronomical events such as star showers or eclipses, which can be enjoyed in an incomparable setting. In addition, Montsec is part of the Starlight Reserve, an international recognition for the quality of its night sky.<\/p>\n<p>The Montsec Astronomical Park is a unique experience that combines knowledge and emotion, ideal for families, students and astronomy enthusiasts. An essential visit to connect with the universe and explore the immensity of the cosmos. It is considered the most important astronomy equipment in Catalonia, thanks to its characteristics that allow you to observe the night sky in great detail and discover secrets that our universe hides.<\/p>\n<\/div><\/div><\/div><\/div><\/div>\n","protected":false},"excerpt":{"rendered":"","protected":false},"author":1,"featured_media":0,"parent":0,"menu_order":0,"comment_status":"closed","ping_status":"closed","template":"","meta":{"_joinchat":[],"footnotes":""},"class_list":["post-1751","page","type-page","status-publish","hentry"],"yoast_head":"<!-- This site is optimized with the Yoast SEO plugin v26.7 - https:\/\/yoast.com\/wordpress\/plugins\/seo\/ -->\n<title>Montsec Astronomical Park | Apartaments l&#039;Empalme d&#039;\u00c0ger<\/title>\n<meta name=\"description\" content=\"The Montsec Astronomical Park, located in the heart of the Montsec mountain range, is one of the best places to observe the night sky.\" \/>\n<meta name=\"robots\" content=\"index, follow, max-snippet:-1, max-image-preview:large, max-video-preview:-1\" \/>\n<link rel=\"canonical\" href=\"https:\/\/apartamentsager.com\/en\/the-montsec-astronomical-park\/\" \/>\n<meta property=\"og:locale\" content=\"en_US\" \/>\n<meta property=\"og:type\" content=\"article\" \/>\n<meta property=\"og:title\" content=\"Montsec Astronomical Park | Apartaments l&#039;Empalme d&#039;\u00c0ger\" \/>\n<meta property=\"og:description\" content=\"The Montsec Astronomical Park, located in the heart of the Montsec mountain range, is one of the best places to observe the night sky.\" \/>\n<meta property=\"og:url\" content=\"https:\/\/apartamentsager.com\/en\/the-montsec-astronomical-park\/\" \/>\n<meta property=\"og:site_name\" content=\"Apartaments l&#039;Empalme d&#039;\u00c0ger\" \/>\n<meta property=\"article:modified_time\" content=\"2025-01-09T08:20:20+00:00\" \/>\n<meta property=\"og:image\" content=\"https:\/\/apartamentsager.com\/wp-content\/uploads\/2025\/03\/logo_apartaments_empalme_ager.webp\" \/>\n\t<meta property=\"og:image:width\" content=\"305\" \/>\n\t<meta property=\"og:image:height\" content=\"301\" \/>\n\t<meta property=\"og:image:type\" content=\"image\/webp\" \/>\n<meta name=\"twitter:card\" content=\"summary_large_image\" \/>\n<meta name=\"twitter:label1\" content=\"Est. reading time\" \/>\n\t<meta name=\"twitter:data1\" content=\"2 minutes\" \/>\n<script type=\"application\/ld+json\" class=\"yoast-schema-graph\">{\"@context\":\"https:\/\/schema.org\",\"@graph\":[{\"@type\":\"WebPage\",\"@id\":\"https:\/\/apartamentsager.com\/en\/the-montsec-astronomical-park\/\",\"url\":\"https:\/\/apartamentsager.com\/en\/the-montsec-astronomical-park\/\",\"name\":\"Montsec Astronomical Park | Apartaments l'Empalme d'\u00c0ger\",\"isPartOf\":{\"@id\":\"https:\/\/apartamentsager.com\/en\/#website\"},\"datePublished\":\"2025-01-07T16:25:59+00:00\",\"dateModified\":\"2025-01-09T08:20:20+00:00\",\"description\":\"The Montsec Astronomical Park, located in the heart of the Montsec mountain range, is one of the best places to observe the night sky.\",\"breadcrumb\":{\"@id\":\"https:\/\/apartamentsager.com\/en\/the-montsec-astronomical-park\/#breadcrumb\"},\"inLanguage\":\"en-US\",\"potentialAction\":[{\"@type\":\"ReadAction\",\"target\":[\"https:\/\/apartamentsager.com\/en\/the-montsec-astronomical-park\/\"]}]},{\"@type\":\"BreadcrumbList\",\"@id\":\"https:\/\/apartamentsager.com\/en\/the-montsec-astronomical-park\/#breadcrumb\",\"itemListElement\":[{\"@type\":\"ListItem\",\"position\":1,\"name\":\"Portada\",\"item\":\"https:\/\/apartamentsager.com\/en\/\"},{\"@type\":\"ListItem\",\"position\":2,\"name\":\"The Montsec Astronomical Park\"}]},{\"@type\":\"WebSite\",\"@id\":\"https:\/\/apartamentsager.com\/en\/#website\",\"url\":\"https:\/\/apartamentsager.com\/en\/\",\"name\":\"Apartaments Empalme \u00c0ger\",\"description\":\"Apartaments \u00c0ger | Apartamentos \u00c0ger | \u00c0ger Apartments\",\"publisher\":{\"@id\":\"https:\/\/apartamentsager.com\/en\/#organization\"},\"alternateName\":\"Apartaments \u00c0ger\",\"potentialAction\":[{\"@type\":\"SearchAction\",\"target\":{\"@type\":\"EntryPoint\",\"urlTemplate\":\"https:\/\/apartamentsager.com\/en\/?s={search_term_string}\"},\"query-input\":{\"@type\":\"PropertyValueSpecification\",\"valueRequired\":true,\"valueName\":\"search_term_string\"}}],\"inLanguage\":\"en-US\"},{\"@type\":\"Organization\",\"@id\":\"https:\/\/apartamentsager.com\/en\/#organization\",\"name\":\"Apartaments l'Empalme d'\u00c0ger\",\"alternateName\":\"Apartaments \u00c0ger | Apartamentos \u00c0ger | \u00c0ger Apartments\",\"url\":\"https:\/\/apartamentsager.com\/en\/\",\"logo\":{\"@type\":\"ImageObject\",\"inLanguage\":\"en-US\",\"@id\":\"https:\/\/apartamentsager.com\/en\/#\/schema\/logo\/image\/\",\"url\":\"https:\/\/apartamentsager.com\/wp-content\/uploads\/2025\/03\/logo_apartaments_empalme_ager.webp\",\"contentUrl\":\"https:\/\/apartamentsager.com\/wp-content\/uploads\/2025\/03\/logo_apartaments_empalme_ager.webp\",\"width\":305,\"height\":301,\"caption\":\"Apartaments l'Empalme d'\u00c0ger\"},\"image\":{\"@id\":\"https:\/\/apartamentsager.com\/en\/#\/schema\/logo\/image\/\"},\"sameAs\":[\"https:\/\/www.instagram.com\/apartaments.empalme.ager\/\"]}]}<\/script>\n<!-- \/ Yoast SEO plugin. -->","yoast_head_json":{"title":"Montsec Astronomical Park | Apartaments l'Empalme d'\u00c0ger","description":"The Montsec Astronomical Park, located in the heart of the Montsec mountain range, is one of the best places to observe the night sky.","robots":{"index":"index","follow":"follow","max-snippet":"max-snippet:-1","max-image-preview":"max-image-preview:large","max-video-preview":"max-video-preview:-1"},"canonical":"https:\/\/apartamentsager.com\/en\/the-montsec-astronomical-park\/","og_locale":"en_US","og_type":"article","og_title":"Montsec Astronomical Park | Apartaments l'Empalme d'\u00c0ger","og_description":"The Montsec Astronomical Park, located in the heart of the Montsec mountain range, is one of the best places to observe the night sky.","og_url":"https:\/\/apartamentsager.com\/en\/the-montsec-astronomical-park\/","og_site_name":"Apartaments l&#039;Empalme d&#039;\u00c0ger","article_modified_time":"2025-01-09T08:20:20+00:00","og_image":[{"width":305,"height":301,"url":"https:\/\/apartamentsager.com\/wp-content\/uploads\/2025\/03\/logo_apartaments_empalme_ager.webp","type":"image\/webp"}],"twitter_card":"summary_large_image","twitter_misc":{"Est. reading time":"2 minutes"},"schema":{"@context":"https:\/\/schema.org","@graph":[{"@type":"WebPage","@id":"https:\/\/apartamentsager.com\/en\/the-montsec-astronomical-park\/","url":"https:\/\/apartamentsager.com\/en\/the-montsec-astronomical-park\/","name":"Montsec Astronomical Park | Apartaments l'Empalme d'\u00c0ger","isPartOf":{"@id":"https:\/\/apartamentsager.com\/en\/#website"},"datePublished":"2025-01-07T16:25:59+00:00","dateModified":"2025-01-09T08:20:20+00:00","description":"The Montsec Astronomical Park, located in the heart of the Montsec mountain range, is one of the best places to observe the night sky.","breadcrumb":{"@id":"https:\/\/apartamentsager.com\/en\/the-montsec-astronomical-park\/#breadcrumb"},"inLanguage":"en-US","potentialAction":[{"@type":"ReadAction","target":["https:\/\/apartamentsager.com\/en\/the-montsec-astronomical-park\/"]}]},{"@type":"BreadcrumbList","@id":"https:\/\/apartamentsager.com\/en\/the-montsec-astronomical-park\/#breadcrumb","itemListElement":[{"@type":"ListItem","position":1,"name":"Portada","item":"https:\/\/apartamentsager.com\/en\/"},{"@type":"ListItem","position":2,"name":"The Montsec Astronomical Park"}]},{"@type":"WebSite","@id":"https:\/\/apartamentsager.com\/en\/#website","url":"https:\/\/apartamentsager.com\/en\/","name":"Apartaments Empalme \u00c0ger","description":"Apartaments \u00c0ger | Apartamentos \u00c0ger | \u00c0ger Apartments","publisher":{"@id":"https:\/\/apartamentsager.com\/en\/#organization"},"alternateName":"Apartaments \u00c0ger","potentialAction":[{"@type":"SearchAction","target":{"@type":"EntryPoint","urlTemplate":"https:\/\/apartamentsager.com\/en\/?s={search_term_string}"},"query-input":{"@type":"PropertyValueSpecification","valueRequired":true,"valueName":"search_term_string"}}],"inLanguage":"en-US"},{"@type":"Organization","@id":"https:\/\/apartamentsager.com\/en\/#organization","name":"Apartaments l'Empalme d'\u00c0ger","alternateName":"Apartaments \u00c0ger | Apartamentos \u00c0ger | \u00c0ger Apartments","url":"https:\/\/apartamentsager.com\/en\/","logo":{"@type":"ImageObject","inLanguage":"en-US","@id":"https:\/\/apartamentsager.com\/en\/#\/schema\/logo\/image\/","url":"https:\/\/apartamentsager.com\/wp-content\/uploads\/2025\/03\/logo_apartaments_empalme_ager.webp","contentUrl":"https:\/\/apartamentsager.com\/wp-content\/uploads\/2025\/03\/logo_apartaments_empalme_ager.webp","width":305,"height":301,"caption":"Apartaments l'Empalme d'\u00c0ger"},"image":{"@id":"https:\/\/apartamentsager.com\/en\/#\/schema\/logo\/image\/"},"sameAs":["https:\/\/www.instagram.com\/apartaments.empalme.ager\/"]}]}},"_links":{"self":[{"href":"https:\/\/apartamentsager.com\/en\/wp-json\/wp\/v2\/pages\/1751","targetHints":{"allow":["GET"]}}],"collection":[{"href":"https:\/\/apartamentsager.com\/en\/wp-json\/wp\/v2\/pages"}],"about":[{"href":"https:\/\/apartamentsager.com\/en\/wp-json\/wp\/v2\/types\/page"}],"author":[{"embeddable":true,"href":"https:\/\/apartamentsager.com\/en\/wp-json\/wp\/v2\/users\/1"}],"replies":[{"embeddable":true,"href":"https:\/\/apartamentsager.com\/en\/wp-json\/wp\/v2\/comments?post=1751"}],"version-history":[{"count":4,"href":"https:\/\/apartamentsager.com\/en\/wp-json\/wp\/v2\/pages\/1751\/revisions"}],"predecessor-version":[{"id":1772,"href":"https:\/\/apartamentsager.com\/en\/wp-json\/wp\/v2\/pages\/1751\/revisions\/1772"}],"wp:attachment":[{"href":"https:\/\/apartamentsager.com\/en\/wp-json\/wp\/v2\/media?parent=1751"}],"curies":[{"name":"wp","href":"https:\/\/api.w.org\/{rel}","templated":true}]}}