{"id":1754,"date":"2025-01-07T17:23:55","date_gmt":"2025-01-07T16:23:55","guid":{"rendered":"https:\/\/apartamentsager.com\/mont-rebei-gorge\/"},"modified":"2025-10-24T11:07:50","modified_gmt":"2025-10-24T10:07:50","slug":"mont-rebei-gorge","status":"publish","type":"page","link":"https:\/\/apartamentsager.com\/en\/mont-rebei-gorge\/","title":{"rendered":"Mont-rebei Gorge"},"content":{"rendered":"<div class=\"fusion-fullwidth fullwidth-box fusion-builder-row-1 fusion-flex-container has-pattern-background has-mask-background nonhundred-percent-fullwidth non-hundred-percent-height-scrolling\" style=\"--awb-border-radius-top-left:0px;--awb-border-radius-top-right:0px;--awb-border-radius-bottom-right:0px;--awb-border-radius-bottom-left:0px;--awb-flex-wrap:wrap;\" ><div class=\"fusion-builder-row fusion-row fusion-flex-align-items-flex-start fusion-flex-content-wrap\" style=\"max-width:1216.8px;margin-left: calc(-4% \/ 2 );margin-right: calc(-4% \/ 2 );\"><div class=\"fusion-layout-column fusion_builder_column fusion-builder-column-0 fusion_builder_column_1_2 1_2 fusion-flex-column\" style=\"--awb-bg-size:cover;--awb-width-large:50%;--awb-margin-top-large:0px;--awb-spacing-right-large:3.84%;--awb-margin-bottom-large:0px;--awb-spacing-left-large:3.84%;--awb-width-medium:100%;--awb-order-medium:0;--awb-spacing-right-medium:1.92%;--awb-spacing-left-medium:1.92%;--awb-width-small:100%;--awb-order-small:0;--awb-spacing-right-small:1.92%;--awb-spacing-left-small:1.92%;\"><div class=\"fusion-column-wrapper fusion-column-has-shadow fusion-flex-justify-content-flex-start fusion-content-layout-column\"><div class=\"fusion-text fusion-text-1\"><p>The Mont-rebei Gorge, located between Lleida and Huesca, is one of the most impressive landscapes in Catalonia. This gorge is a natural crevasse cut by the Noguera Ribagor\u00e7ana river that divides the Montsec d&#8217;Ares and Montsec de l&#8217;Estall mountain ranges. With vertical walls that can exceed 500 meters in height, the gorge offers spectacular views that will take your breath away.<\/p>\n<p>The trail that crosses the Congost is unique, as it is a path dug into the limestone rocks without any modern infrastructure, which gives it a wild and authentic charm. During the crossing, you can see spectacular cliffs, caves and Mediterranean vegetation made up of holm oaks, pine trees and aromatic bushes. In addition, it is common to see vultures, eagles and other birds of prey flying over the area.<\/p>\n<\/div><\/div><\/div><div class=\"fusion-layout-column fusion_builder_column fusion-builder-column-1 fusion_builder_column_1_2 1_2 fusion-flex-column\" style=\"--awb-bg-size:cover;--awb-width-large:50%;--awb-margin-top-large:0px;--awb-spacing-right-large:3.84%;--awb-margin-bottom-large:0px;--awb-spacing-left-large:3.84%;--awb-width-medium:100%;--awb-order-medium:0;--awb-spacing-right-medium:1.92%;--awb-spacing-left-medium:1.92%;--awb-width-small:100%;--awb-order-small:0;--awb-spacing-right-small:1.92%;--awb-spacing-left-small:1.92%;\"><div class=\"fusion-column-wrapper fusion-column-has-shadow fusion-flex-justify-content-flex-start fusion-content-layout-column\"><div class=\"fusion-image-element \" style=\"--awb-caption-title-font-family:var(--h2_typography-font-family);--awb-caption-title-font-weight:var(--h2_typography-font-weight);--awb-caption-title-font-style:var(--h2_typography-font-style);--awb-caption-title-size:var(--h2_typography-font-size);--awb-caption-title-transform:var(--h2_typography-text-transform);--awb-caption-title-line-height:var(--h2_typography-line-height);--awb-caption-title-letter-spacing:var(--h2_typography-letter-spacing);\"><span class=\" fusion-imageframe imageframe-none imageframe-1 hover-type-none\"><img decoding=\"async\" width=\"2560\" height=\"1707\" alt=\"Vista d&#039;una de les seccions de la ruta que recorre el Congost de Mont-rebei.\" title=\"Congost-de-Mont-rebei-3-scaled\" src=\"https:\/\/apartamentsager.com\/wp-content\/uploads\/2025\/01\/Congost-de-Mont-rebei-3-scaled-1.jpg\" data-orig-src=\"https:\/\/apartamentsager.com\/wp-content\/uploads\/2025\/01\/Congost-de-Mont-rebei-3-scaled-1.jpg\" class=\"lazyload img-responsive wp-image-1740\" srcset=\"data:image\/svg+xml,%3Csvg%20xmlns%3D%27http%3A%2F%2Fwww.w3.org%2F2000%2Fsvg%27%20width%3D%272560%27%20height%3D%271707%27%20viewBox%3D%270%200%202560%201707%27%3E%3Crect%20width%3D%272560%27%20height%3D%271707%27%20fill-opacity%3D%220%22%2F%3E%3C%2Fsvg%3E\" data-srcset=\"https:\/\/apartamentsager.com\/wp-content\/uploads\/2025\/01\/Congost-de-Mont-rebei-3-scaled-1-200x133.jpg 200w, https:\/\/apartamentsager.com\/wp-content\/uploads\/2025\/01\/Congost-de-Mont-rebei-3-scaled-1-400x267.jpg 400w, https:\/\/apartamentsager.com\/wp-content\/uploads\/2025\/01\/Congost-de-Mont-rebei-3-scaled-1-600x400.jpg 600w, https:\/\/apartamentsager.com\/wp-content\/uploads\/2025\/01\/Congost-de-Mont-rebei-3-scaled-1-800x533.jpg 800w, https:\/\/apartamentsager.com\/wp-content\/uploads\/2025\/01\/Congost-de-Mont-rebei-3-scaled-1-1200x800.jpg 1200w, https:\/\/apartamentsager.com\/wp-content\/uploads\/2025\/01\/Congost-de-Mont-rebei-3-scaled-1.jpg 2560w\" data-sizes=\"auto\" data-orig-sizes=\"(max-width: 1024px) 100vw, (max-width: 640px) 100vw, 600px\" \/><\/span><\/div><\/div><\/div><div class=\"fusion-layout-column fusion_builder_column fusion-builder-column-2 fusion_builder_column_1_1 1_1 fusion-flex-column\" style=\"--awb-bg-size:cover;--awb-width-large:100%;--awb-margin-top-large:0px;--awb-spacing-right-large:1.92%;--awb-margin-bottom-large:0px;--awb-spacing-left-large:1.92%;--awb-width-medium:100%;--awb-order-medium:0;--awb-spacing-right-medium:1.92%;--awb-spacing-left-medium:1.92%;--awb-width-small:100%;--awb-order-small:0;--awb-spacing-right-small:1.92%;--awb-spacing-left-small:1.92%;\"><div class=\"fusion-column-wrapper fusion-column-has-shadow fusion-flex-justify-content-flex-start fusion-content-layout-column\"><div class=\"fusion-text fusion-text-2\"><p>Activities in the Congost de Mont-rebei include hiking, with several routes adapted to all levels, and kayaking, which allows you to navigate the calm waters of the river while admiring the surroundings. It is also an ideal place for photography and wildlife observation lovers. Another option is to visit the Montfalc\u00f3 suspension bridges, which connect the gorge with the Aragonese side.<\/p>\n<p>This place represents a perfect getaway to connect with nature and enjoy the peace and majesty of a pristine space. Without a doubt, the Mont-rebei Gorge is a treasure that leaves an indelible mark on any visitor.<\/p>\n<p>The Gorge is a wonder of nature and one of the most spectacular routes in the Iberian Peninsula. There are different starting points, from the Masieta car park or from the Pertusa car park. You can also do the route in the opposite direction starting from the town of Montfalc\u00f3, in the province of Huesca.<\/p>\n<\/div><\/div><\/div><\/div><\/div>\n","protected":false},"excerpt":{"rendered":"","protected":false},"author":1,"featured_media":0,"parent":0,"menu_order":0,"comment_status":"closed","ping_status":"closed","template":"","meta":{"_joinchat":[],"footnotes":""},"class_list":["post-1754","page","type-page","status-publish","hentry"],"yoast_head":"<!-- This site is optimized with the Yoast SEO plugin v26.7 - https:\/\/yoast.com\/wordpress\/plugins\/seo\/ -->\n<title>Mont-rebei Gorge | Apartaments l&#039;Empalme d&#039;\u00c0ger<\/title>\n<meta name=\"description\" content=\"The Mont-rebei Gorge, located between Lleida and Osca, is one of the most impressive landscapes in Catalonia with spectacular views.\" \/>\n<meta name=\"robots\" content=\"index, follow, max-snippet:-1, max-image-preview:large, max-video-preview:-1\" \/>\n<link rel=\"canonical\" href=\"https:\/\/apartamentsager.com\/en\/mont-rebei-gorge\/\" \/>\n<meta property=\"og:locale\" content=\"en_US\" \/>\n<meta property=\"og:type\" content=\"article\" \/>\n<meta property=\"og:title\" content=\"Mont-rebei Gorge | Apartaments l&#039;Empalme d&#039;\u00c0ger\" \/>\n<meta property=\"og:description\" content=\"The Mont-rebei Gorge, located between Lleida and Osca, is one of the most impressive landscapes in Catalonia with spectacular views.\" \/>\n<meta property=\"og:url\" content=\"https:\/\/apartamentsager.com\/en\/mont-rebei-gorge\/\" \/>\n<meta property=\"og:site_name\" content=\"Apartaments l&#039;Empalme d&#039;\u00c0ger\" \/>\n<meta property=\"article:modified_time\" content=\"2025-10-24T10:07:50+00:00\" \/>\n<meta property=\"og:image\" content=\"https:\/\/apartamentsager.com\/wp-content\/uploads\/2025\/03\/logo_apartaments_empalme_ager.webp\" \/>\n\t<meta property=\"og:image:width\" content=\"305\" \/>\n\t<meta property=\"og:image:height\" content=\"301\" \/>\n\t<meta property=\"og:image:type\" content=\"image\/webp\" \/>\n<meta name=\"twitter:card\" content=\"summary_large_image\" \/>\n<meta name=\"twitter:label1\" content=\"Est. reading time\" \/>\n\t<meta name=\"twitter:data1\" content=\"2 minutes\" \/>\n<script type=\"application\/ld+json\" class=\"yoast-schema-graph\">{\"@context\":\"https:\/\/schema.org\",\"@graph\":[{\"@type\":\"WebPage\",\"@id\":\"https:\/\/apartamentsager.com\/en\/mont-rebei-gorge\/\",\"url\":\"https:\/\/apartamentsager.com\/en\/mont-rebei-gorge\/\",\"name\":\"Mont-rebei Gorge | Apartaments l'Empalme d'\u00c0ger\",\"isPartOf\":{\"@id\":\"https:\/\/apartamentsager.com\/en\/#website\"},\"datePublished\":\"2025-01-07T16:23:55+00:00\",\"dateModified\":\"2025-10-24T10:07:50+00:00\",\"description\":\"The Mont-rebei Gorge, located between Lleida and Osca, is one of the most impressive landscapes in Catalonia with spectacular views.\",\"breadcrumb\":{\"@id\":\"https:\/\/apartamentsager.com\/en\/mont-rebei-gorge\/#breadcrumb\"},\"inLanguage\":\"en-US\",\"potentialAction\":[{\"@type\":\"ReadAction\",\"target\":[\"https:\/\/apartamentsager.com\/en\/mont-rebei-gorge\/\"]}]},{\"@type\":\"BreadcrumbList\",\"@id\":\"https:\/\/apartamentsager.com\/en\/mont-rebei-gorge\/#breadcrumb\",\"itemListElement\":[{\"@type\":\"ListItem\",\"position\":1,\"name\":\"Portada\",\"item\":\"https:\/\/apartamentsager.com\/en\/\"},{\"@type\":\"ListItem\",\"position\":2,\"name\":\"Mont-rebei Gorge\"}]},{\"@type\":\"WebSite\",\"@id\":\"https:\/\/apartamentsager.com\/en\/#website\",\"url\":\"https:\/\/apartamentsager.com\/en\/\",\"name\":\"Apartaments Empalme \u00c0ger\",\"description\":\"Apartaments \u00c0ger | Apartamentos \u00c0ger | \u00c0ger Apartments\",\"publisher\":{\"@id\":\"https:\/\/apartamentsager.com\/en\/#organization\"},\"alternateName\":\"Apartaments \u00c0ger\",\"potentialAction\":[{\"@type\":\"SearchAction\",\"target\":{\"@type\":\"EntryPoint\",\"urlTemplate\":\"https:\/\/apartamentsager.com\/en\/?s={search_term_string}\"},\"query-input\":{\"@type\":\"PropertyValueSpecification\",\"valueRequired\":true,\"valueName\":\"search_term_string\"}}],\"inLanguage\":\"en-US\"},{\"@type\":\"Organization\",\"@id\":\"https:\/\/apartamentsager.com\/en\/#organization\",\"name\":\"Apartaments l'Empalme d'\u00c0ger\",\"alternateName\":\"Apartaments \u00c0ger | Apartamentos \u00c0ger | \u00c0ger Apartments\",\"url\":\"https:\/\/apartamentsager.com\/en\/\",\"logo\":{\"@type\":\"ImageObject\",\"inLanguage\":\"en-US\",\"@id\":\"https:\/\/apartamentsager.com\/en\/#\/schema\/logo\/image\/\",\"url\":\"https:\/\/apartamentsager.com\/wp-content\/uploads\/2025\/03\/logo_apartaments_empalme_ager.webp\",\"contentUrl\":\"https:\/\/apartamentsager.com\/wp-content\/uploads\/2025\/03\/logo_apartaments_empalme_ager.webp\",\"width\":305,\"height\":301,\"caption\":\"Apartaments l'Empalme d'\u00c0ger\"},\"image\":{\"@id\":\"https:\/\/apartamentsager.com\/en\/#\/schema\/logo\/image\/\"},\"sameAs\":[\"https:\/\/www.instagram.com\/apartaments.empalme.ager\/\"]}]}<\/script>\n<!-- \/ Yoast SEO plugin. -->","yoast_head_json":{"title":"Mont-rebei Gorge | Apartaments l'Empalme d'\u00c0ger","description":"The Mont-rebei Gorge, located between Lleida and Osca, is one of the most impressive landscapes in Catalonia with spectacular views.","robots":{"index":"index","follow":"follow","max-snippet":"max-snippet:-1","max-image-preview":"max-image-preview:large","max-video-preview":"max-video-preview:-1"},"canonical":"https:\/\/apartamentsager.com\/en\/mont-rebei-gorge\/","og_locale":"en_US","og_type":"article","og_title":"Mont-rebei Gorge | Apartaments l'Empalme d'\u00c0ger","og_description":"The Mont-rebei Gorge, located between Lleida and Osca, is one of the most impressive landscapes in Catalonia with spectacular views.","og_url":"https:\/\/apartamentsager.com\/en\/mont-rebei-gorge\/","og_site_name":"Apartaments l&#039;Empalme d&#039;\u00c0ger","article_modified_time":"2025-10-24T10:07:50+00:00","og_image":[{"width":305,"height":301,"url":"https:\/\/apartamentsager.com\/wp-content\/uploads\/2025\/03\/logo_apartaments_empalme_ager.webp","type":"image\/webp"}],"twitter_card":"summary_large_image","twitter_misc":{"Est. reading time":"2 minutes"},"schema":{"@context":"https:\/\/schema.org","@graph":[{"@type":"WebPage","@id":"https:\/\/apartamentsager.com\/en\/mont-rebei-gorge\/","url":"https:\/\/apartamentsager.com\/en\/mont-rebei-gorge\/","name":"Mont-rebei Gorge | Apartaments l'Empalme d'\u00c0ger","isPartOf":{"@id":"https:\/\/apartamentsager.com\/en\/#website"},"datePublished":"2025-01-07T16:23:55+00:00","dateModified":"2025-10-24T10:07:50+00:00","description":"The Mont-rebei Gorge, located between Lleida and Osca, is one of the most impressive landscapes in Catalonia with spectacular views.","breadcrumb":{"@id":"https:\/\/apartamentsager.com\/en\/mont-rebei-gorge\/#breadcrumb"},"inLanguage":"en-US","potentialAction":[{"@type":"ReadAction","target":["https:\/\/apartamentsager.com\/en\/mont-rebei-gorge\/"]}]},{"@type":"BreadcrumbList","@id":"https:\/\/apartamentsager.com\/en\/mont-rebei-gorge\/#breadcrumb","itemListElement":[{"@type":"ListItem","position":1,"name":"Portada","item":"https:\/\/apartamentsager.com\/en\/"},{"@type":"ListItem","position":2,"name":"Mont-rebei Gorge"}]},{"@type":"WebSite","@id":"https:\/\/apartamentsager.com\/en\/#website","url":"https:\/\/apartamentsager.com\/en\/","name":"Apartaments Empalme \u00c0ger","description":"Apartaments \u00c0ger | Apartamentos \u00c0ger | \u00c0ger Apartments","publisher":{"@id":"https:\/\/apartamentsager.com\/en\/#organization"},"alternateName":"Apartaments \u00c0ger","potentialAction":[{"@type":"SearchAction","target":{"@type":"EntryPoint","urlTemplate":"https:\/\/apartamentsager.com\/en\/?s={search_term_string}"},"query-input":{"@type":"PropertyValueSpecification","valueRequired":true,"valueName":"search_term_string"}}],"inLanguage":"en-US"},{"@type":"Organization","@id":"https:\/\/apartamentsager.com\/en\/#organization","name":"Apartaments l'Empalme d'\u00c0ger","alternateName":"Apartaments \u00c0ger | Apartamentos \u00c0ger | \u00c0ger Apartments","url":"https:\/\/apartamentsager.com\/en\/","logo":{"@type":"ImageObject","inLanguage":"en-US","@id":"https:\/\/apartamentsager.com\/en\/#\/schema\/logo\/image\/","url":"https:\/\/apartamentsager.com\/wp-content\/uploads\/2025\/03\/logo_apartaments_empalme_ager.webp","contentUrl":"https:\/\/apartamentsager.com\/wp-content\/uploads\/2025\/03\/logo_apartaments_empalme_ager.webp","width":305,"height":301,"caption":"Apartaments l'Empalme d'\u00c0ger"},"image":{"@id":"https:\/\/apartamentsager.com\/en\/#\/schema\/logo\/image\/"},"sameAs":["https:\/\/www.instagram.com\/apartaments.empalme.ager\/"]}]}},"_links":{"self":[{"href":"https:\/\/apartamentsager.com\/en\/wp-json\/wp\/v2\/pages\/1754","targetHints":{"allow":["GET"]}}],"collection":[{"href":"https:\/\/apartamentsager.com\/en\/wp-json\/wp\/v2\/pages"}],"about":[{"href":"https:\/\/apartamentsager.com\/en\/wp-json\/wp\/v2\/types\/page"}],"author":[{"embeddable":true,"href":"https:\/\/apartamentsager.com\/en\/wp-json\/wp\/v2\/users\/1"}],"replies":[{"embeddable":true,"href":"https:\/\/apartamentsager.com\/en\/wp-json\/wp\/v2\/comments?post=1754"}],"version-history":[{"count":5,"href":"https:\/\/apartamentsager.com\/en\/wp-json\/wp\/v2\/pages\/1754\/revisions"}],"predecessor-version":[{"id":1877,"href":"https:\/\/apartamentsager.com\/en\/wp-json\/wp\/v2\/pages\/1754\/revisions\/1877"}],"wp:attachment":[{"href":"https:\/\/apartamentsager.com\/en\/wp-json\/wp\/v2\/media?parent=1754"}],"curies":[{"name":"wp","href":"https:\/\/api.w.org\/{rel}","templated":true}]}}