{"id":1978,"date":"2026-01-13T11:15:11","date_gmt":"2026-01-13T10:15:11","guid":{"rendered":"https:\/\/apartamentsager.com\/faqs-frequently-asked-questions\/"},"modified":"2026-02-13T09:52:49","modified_gmt":"2026-02-13T08:52:49","slug":"faqs","status":"publish","type":"page","link":"https:\/\/apartamentsager.com\/en\/faqs\/","title":{"rendered":"FAQ&#8217;s | Frequently Asked Questions"},"content":{"rendered":"<div class=\"fusion-fullwidth fullwidth-box fusion-builder-row-1 fusion-flex-container nonhundred-percent-fullwidth non-hundred-percent-height-scrolling\" style=\"--awb-border-sizes-top:0px;--awb-border-sizes-bottom:0px;--awb-border-sizes-left:0px;--awb-border-sizes-right:0px;--awb-border-radius-top-left:0px;--awb-border-radius-top-right:0px;--awb-border-radius-bottom-right:0px;--awb-border-radius-bottom-left:0px;--awb-padding-top:0px;--awb-padding-bottom:40px;--awb-background-color:#ffffff;--awb-flex-wrap:wrap;\" ><div class=\"fusion-builder-row fusion-row fusion-flex-align-items-flex-start fusion-flex-content-wrap\" style=\"max-width:1216.8px;margin-left: calc(-4% \/ 2 );margin-right: calc(-4% \/ 2 );\"><div class=\"fusion-layout-column fusion_builder_column fusion-builder-column-0 fusion_builder_column_1_1 1_1 fusion-flex-column\" style=\"--awb-padding-top:30px;--awb-padding-right:30px;--awb-padding-bottom:30px;--awb-padding-left:30px;--awb-padding-top-small:0px;--awb-padding-bottom-small:0px;--awb-bg-color:#f9f9f9;--awb-bg-color-hover:#f9f9f9;--awb-bg-size:cover;--awb-border-color:#e0e0e0;--awb-border-style:solid;--awb-width-large:100%;--awb-margin-top-large:0px;--awb-spacing-right-large:1.92%;--awb-margin-bottom-large:0px;--awb-spacing-left-large:1.92%;--awb-width-medium:100%;--awb-spacing-right-medium:1.92%;--awb-spacing-left-medium:1.92%;--awb-width-small:100%;--awb-spacing-right-small:1.92%;--awb-spacing-left-small:1.92%;\"><div class=\"fusion-column-wrapper fusion-flex-justify-content-flex-start fusion-content-layout-column\"><div class=\"fusion-title title fusion-title-1 fusion-sep-none fusion-title-text fusion-title-size-two\" style=\"--awb-margin-top-small:0px;\"><h2 class=\"fusion-title-heading title-heading-left fusion-responsive-typography-calculated\" style=\"margin:0;text-transform:capitalize;--fontSize:60;line-height:var(--awb-typography1-line-height);\"><p style=\"text-align: left\">FREQUENTLY ASKED QUESTIONS<\/p><\/h2><\/div><div class=\"fusion-separator fusion-full-width-sep\" style=\"align-self: center;margin-left: auto;margin-right: auto;margin-top:40px;width:100%;\"><\/div><\/div><\/div><div class=\"fusion-layout-column fusion_builder_column fusion-builder-column-1 fusion_builder_column_1_1 1_1 fusion-flex-column\" style=\"--awb-padding-right:15px;--awb-padding-left:16px;--awb-bg-color:#f9f9f9;--awb-bg-color-hover:#f9f9f9;--awb-bg-blend:overlay;--awb-bg-size:cover;--awb-width-large:100%;--awb-margin-top-large:0px;--awb-spacing-right-large:1.92%;--awb-margin-bottom-large:0px;--awb-spacing-left-large:1.92%;--awb-width-medium:100%;--awb-spacing-right-medium:1.92%;--awb-spacing-left-medium:1.92%;--awb-width-small:100%;--awb-spacing-right-small:1.92%;--awb-spacing-left-small:1.92%;\"><div class=\"fusion-column-wrapper fusion-flex-justify-content-space-between fusion-content-layout-column\"><div class=\"fusion-tabs fusion-tabs-1 classic vertical-tabs icon-position-left mobile-mode-accordion\" style=\"--awb-title-border-radius-top-left:0px;--awb-title-border-radius-top-right:0px;--awb-title-border-radius-bottom-right:0px;--awb-title-border-radius-bottom-left:0px;--awb-alignment:start;--awb-inactive-color:var(--awb-color5);--awb-background-color:var(--awb-color1);--awb-border-color:var(--awb-color3);--awb-active-border-color:var(--awb-color5);\"><div class=\"nav\"><ul class=\"nav-tabs\" role=\"tablist\"><li class=\"active\" role=\"presentation\"><a class=\"tab-link\" data-toggle=\"tab\" role=\"tab\" aria-controls=\"tab-5ba29f3930e53b702ae\" aria-selected=\"true\" id=\"fusion-tab-airconditioning(cold)\" href=\"#tab-5ba29f3930e53b702ae\"><h4 class=\"fusion-tab-heading\"><i class=\"fontawesome-icon fa-fan fas\" aria-hidden=\"true\" style=\"font-size:30px;\"><\/i>AIR CONDITIONING (COLD)<\/h4><\/a><\/li><li role=\"presentation\"><a class=\"tab-link\" data-toggle=\"tab\" role=\"tab\" aria-controls=\"tab-c91375eb56c9838fd7e\" aria-selected=\"false\" tabindex=\"-1\" id=\"fusion-tab-heatpump(heating)\" href=\"#tab-c91375eb56c9838fd7e\"><h4 class=\"fusion-tab-heading\"><i class=\"fontawesome-icon fa-dumpster-fire fas\" aria-hidden=\"true\" style=\"font-size:30px;\"><\/i>HEAT PUMP (HEATING)<\/h4><\/a><\/li><li role=\"presentation\"><a class=\"tab-link\" data-toggle=\"tab\" role=\"tab\" aria-controls=\"tab-c7412f41e22a692464f\" aria-selected=\"false\" tabindex=\"-1\" id=\"fusion-tab-radiator(wall)\" href=\"#tab-c7412f41e22a692464f\"><h4 class=\"fusion-tab-heading\"><i class=\"fontawesome-icon fa-hot-tub fas\" aria-hidden=\"true\" style=\"font-size:30px;\"><\/i>RADIATOR (WALL)<\/h4><\/a><\/li><li role=\"presentation\"><a class=\"tab-link\" data-toggle=\"tab\" role=\"tab\" aria-controls=\"tab-2c99b52f3aa55a69927\" aria-selected=\"false\" tabindex=\"-1\" id=\"fusion-tab-radiator(wall)(turbo)\" href=\"#tab-2c99b52f3aa55a69927\"><h4 class=\"fusion-tab-heading\"><i class=\"fontawesome-icon fa-hot-tub fas\" aria-hidden=\"true\" style=\"font-size:30px;\"><\/i>RADIATOR (WALL) (TURBO)<\/h4><\/a><\/li><li role=\"presentation\"><a class=\"tab-link\" data-toggle=\"tab\" role=\"tab\" aria-controls=\"tab-ff756db5201cfd2cd44\" aria-selected=\"false\" tabindex=\"-1\" id=\"fusion-tab-radiator(wheels)\" href=\"#tab-ff756db5201cfd2cd44\"><h4 class=\"fusion-tab-heading\"><i class=\"fontawesome-icon fa-hot-tub fas\" aria-hidden=\"true\" style=\"font-size:30px;\"><\/i>RADIATOR (WHEELS)<\/h4><\/a><\/li><li role=\"presentation\"><a class=\"tab-link\" data-toggle=\"tab\" role=\"tab\" aria-controls=\"tab-0fabd27a544d7730f57\" aria-selected=\"false\" tabindex=\"-1\" id=\"fusion-tab-radiator(impellers)(turbo)\" href=\"#tab-0fabd27a544d7730f57\"><h4 class=\"fusion-tab-heading\"><i class=\"fontawesome-icon fa-hot-tub fas\" aria-hidden=\"true\" style=\"font-size:30px;\"><\/i>RADIATOR (IMPELLERS) (TURBO)<\/h4><\/a><\/li><li role=\"presentation\"><a class=\"tab-link\" data-toggle=\"tab\" role=\"tab\" aria-controls=\"tab-29c77133e83aa1172c8\" aria-selected=\"false\" tabindex=\"-1\" id=\"fusion-tab-waterheater\" href=\"#tab-29c77133e83aa1172c8\"><h4 class=\"fusion-tab-heading\"><i class=\"fontawesome-icon fa-shower fas\" aria-hidden=\"true\" style=\"font-size:30px;\"><\/i>WATER HEATER<\/h4><\/a><\/li><li role=\"presentation\"><a class=\"tab-link\" data-toggle=\"tab\" role=\"tab\" aria-controls=\"tab-261036aa75bfbc7d6b9\" aria-selected=\"false\" tabindex=\"-1\" id=\"fusion-tab-fridge\/freezer\" href=\"#tab-261036aa75bfbc7d6b9\"><h4 class=\"fusion-tab-heading\"><i class=\"fontawesome-icon fa-temperature-low fas\" aria-hidden=\"true\" style=\"font-size:30px;\"><\/i>FRIDGE\/FREEZER<\/h4><\/a><\/li><li role=\"presentation\"><a class=\"tab-link\" data-toggle=\"tab\" role=\"tab\" aria-controls=\"tab-1d81ef2d9c305848e3c\" aria-selected=\"false\" tabindex=\"-1\" id=\"fusion-tab-lightpassage(differentials)\" href=\"#tab-1d81ef2d9c305848e3c\"><h4 class=\"fusion-tab-heading\"><i class=\"fontawesome-icon fa-bolt fas\" aria-hidden=\"true\" style=\"font-size:30px;\"><\/i>LIGHT PASSAGE (DIFFERENTIALS)<\/h4><\/a><\/li><\/ul><\/div><div class=\"tab-content\"><div class=\"nav fusion-mobile-tab-nav\"><ul class=\"nav-tabs\" role=\"tablist\"><li class=\"active\" role=\"presentation\"><a class=\"tab-link\" data-toggle=\"tab\" role=\"tab\" aria-controls=\"tab-5ba29f3930e53b702ae\" aria-selected=\"true\" id=\"mobile-fusion-tab-airconditioning(cold)\" href=\"#tab-5ba29f3930e53b702ae\"><h4 class=\"fusion-tab-heading\"><i class=\"fontawesome-icon fa-fan fas\" aria-hidden=\"true\" style=\"font-size:30px;\"><\/i>AIR CONDITIONING (COLD)<\/h4><\/a><\/li><\/ul><\/div><div class=\"tab-pane fade fusion-clearfix in active\" role=\"tabpanel\" tabindex=\"0\" aria-labelledby=\"fusion-tab-airconditioning(cold)\" id=\"tab-5ba29f3930e53b702ae\"><div class=\"fusion-video fusion-youtube fusion-aligncenter\" style=\"--awb-max-width:299px;--awb-max-height:533px;--awb-width:100%;\"><div class=\"video-shortcode\"><lite-youtube videoid=\"dahyyaLK0aY\" class=\"portrait\" params=\"wmode=transparent&autoplay=1loop=true&mute=1&enablejsapi=1\" title=\"YouTube video player 1\" width=\"299\" height=\"533\"><\/lite-youtube><\/div><\/div><\/div><div class=\"nav fusion-mobile-tab-nav\"><ul class=\"nav-tabs\" role=\"tablist\"><li role=\"presentation\"><a class=\"tab-link\" data-toggle=\"tab\" role=\"tab\" aria-controls=\"tab-c91375eb56c9838fd7e\" aria-selected=\"false\" tabindex=\"-1\" id=\"mobile-fusion-tab-heatpump(heating)\" href=\"#tab-c91375eb56c9838fd7e\"><h4 class=\"fusion-tab-heading\"><i class=\"fontawesome-icon fa-dumpster-fire fas\" aria-hidden=\"true\" style=\"font-size:30px;\"><\/i>HEAT PUMP (HEATING)<\/h4><\/a><\/li><\/ul><\/div><div class=\"tab-pane fade fusion-clearfix\" role=\"tabpanel\" tabindex=\"0\" aria-labelledby=\"fusion-tab-heatpump(heating)\" id=\"tab-c91375eb56c9838fd7e\">\n<p style=\"text-align: center\"><div class=\"fusion-video fusion-youtube fusion-aligncenter\" style=\"--awb-max-width:299px;--awb-max-height:533px;--awb-width:100%;\"><div class=\"video-shortcode\"><lite-youtube videoid=\"cnRuEAnLJyU\" class=\"portrait\" params=\"wmode=transparent&autoplay=1loop=true&mute=1&enablejsapi=1\" title=\"YouTube video player 2\" width=\"299\" height=\"533\"><\/lite-youtube><\/div><\/div><\/div><div class=\"nav fusion-mobile-tab-nav\"><ul class=\"nav-tabs\" role=\"tablist\"><li role=\"presentation\"><a class=\"tab-link\" data-toggle=\"tab\" role=\"tab\" aria-controls=\"tab-c7412f41e22a692464f\" aria-selected=\"false\" tabindex=\"-1\" id=\"mobile-fusion-tab-radiator(wall)\" href=\"#tab-c7412f41e22a692464f\"><h4 class=\"fusion-tab-heading\"><i class=\"fontawesome-icon fa-hot-tub fas\" aria-hidden=\"true\" style=\"font-size:30px;\"><\/i>RADIATOR (WALL)<\/h4><\/a><\/li><\/ul><\/div><div class=\"tab-pane fade fusion-clearfix\" role=\"tabpanel\" tabindex=\"0\" aria-labelledby=\"fusion-tab-radiator(wall)\" id=\"tab-c7412f41e22a692464f\">\n<p style=\"text-align: center\"><div class=\"fusion-video fusion-youtube fusion-aligncenter\" style=\"--awb-max-width:299px;--awb-max-height:533px;--awb-width:100%;\"><div class=\"video-shortcode\"><lite-youtube videoid=\"NzIcgRjQKj4\" class=\"portrait\" params=\"wmode=transparent&autoplay=1loop=true&mute=1&enablejsapi=1\" title=\"YouTube video player 3\" width=\"299\" height=\"533\"><\/lite-youtube><\/div><\/div><\/div><div class=\"nav fusion-mobile-tab-nav\"><ul class=\"nav-tabs\" role=\"tablist\"><li role=\"presentation\"><a class=\"tab-link\" data-toggle=\"tab\" role=\"tab\" aria-controls=\"tab-2c99b52f3aa55a69927\" aria-selected=\"false\" tabindex=\"-1\" id=\"mobile-fusion-tab-radiator(wall)(turbo)\" href=\"#tab-2c99b52f3aa55a69927\"><h4 class=\"fusion-tab-heading\"><i class=\"fontawesome-icon fa-hot-tub fas\" aria-hidden=\"true\" style=\"font-size:30px;\"><\/i>RADIATOR (WALL) (TURBO)<\/h4><\/a><\/li><\/ul><\/div><div class=\"tab-pane fade fusion-clearfix\" role=\"tabpanel\" tabindex=\"0\" aria-labelledby=\"fusion-tab-radiator(wall)(turbo)\" id=\"tab-2c99b52f3aa55a69927\">\n<p style=\"text-align: center\"><div class=\"fusion-video fusion-youtube fusion-aligncenter\" style=\"--awb-max-width:299px;--awb-max-height:533px;--awb-width:100%;\"><div class=\"video-shortcode\"><lite-youtube videoid=\"MsW4tR8o7cM\" class=\"portrait\" params=\"wmode=transparent&autoplay=1loop=true&mute=1&enablejsapi=1\" title=\"YouTube video player 4\" width=\"299\" height=\"533\"><\/lite-youtube><\/div><\/div><\/div><div class=\"nav fusion-mobile-tab-nav\"><ul class=\"nav-tabs\" role=\"tablist\"><li role=\"presentation\"><a class=\"tab-link\" data-toggle=\"tab\" role=\"tab\" aria-controls=\"tab-ff756db5201cfd2cd44\" aria-selected=\"false\" tabindex=\"-1\" id=\"mobile-fusion-tab-radiator(wheels)\" href=\"#tab-ff756db5201cfd2cd44\"><h4 class=\"fusion-tab-heading\"><i class=\"fontawesome-icon fa-hot-tub fas\" aria-hidden=\"true\" style=\"font-size:30px;\"><\/i>RADIATOR (WHEELS)<\/h4><\/a><\/li><\/ul><\/div><div class=\"tab-pane fade fusion-clearfix\" role=\"tabpanel\" tabindex=\"0\" aria-labelledby=\"fusion-tab-radiator(wheels)\" id=\"tab-ff756db5201cfd2cd44\">\n<p style=\"text-align: center\"><div class=\"fusion-video fusion-youtube fusion-aligncenter\" style=\"--awb-max-width:299px;--awb-max-height:533px;--awb-width:100%;\"><div class=\"video-shortcode\"><lite-youtube videoid=\"QxtlF9klhpY\" class=\"portrait\" params=\"wmode=transparent&autoplay=1loop=true&mute=1&enablejsapi=1\" title=\"YouTube video player 5\" width=\"299\" height=\"533\"><\/lite-youtube><\/div><\/div><\/div><div class=\"nav fusion-mobile-tab-nav\"><ul class=\"nav-tabs\" role=\"tablist\"><li role=\"presentation\"><a class=\"tab-link\" data-toggle=\"tab\" role=\"tab\" aria-controls=\"tab-0fabd27a544d7730f57\" aria-selected=\"false\" tabindex=\"-1\" id=\"mobile-fusion-tab-radiator(impellers)(turbo)\" href=\"#tab-0fabd27a544d7730f57\"><h4 class=\"fusion-tab-heading\"><i class=\"fontawesome-icon fa-hot-tub fas\" aria-hidden=\"true\" style=\"font-size:30px;\"><\/i>RADIATOR (IMPELLERS) (TURBO)<\/h4><\/a><\/li><\/ul><\/div><div class=\"tab-pane fade fusion-clearfix\" role=\"tabpanel\" tabindex=\"0\" aria-labelledby=\"fusion-tab-radiator(impellers)(turbo)\" id=\"tab-0fabd27a544d7730f57\">\n<p style=\"text-align: center\"><div class=\"fusion-video fusion-youtube fusion-aligncenter\" style=\"--awb-max-width:299px;--awb-max-height:533px;--awb-width:100%;\"><div class=\"video-shortcode\"><lite-youtube videoid=\"_CypkSQeo14\" class=\"portrait\" params=\"wmode=transparent&autoplay=1loop=true&mute=1&enablejsapi=1\" title=\"YouTube video player 6\" width=\"299\" height=\"533\"><\/lite-youtube><\/div><\/div><\/div><div class=\"nav fusion-mobile-tab-nav\"><ul class=\"nav-tabs\" role=\"tablist\"><li role=\"presentation\"><a class=\"tab-link\" data-toggle=\"tab\" role=\"tab\" aria-controls=\"tab-29c77133e83aa1172c8\" aria-selected=\"false\" tabindex=\"-1\" id=\"mobile-fusion-tab-waterheater\" href=\"#tab-29c77133e83aa1172c8\"><h4 class=\"fusion-tab-heading\"><i class=\"fontawesome-icon fa-shower fas\" aria-hidden=\"true\" style=\"font-size:30px;\"><\/i>WATER HEATER<\/h4><\/a><\/li><\/ul><\/div><div class=\"tab-pane fade fusion-clearfix\" role=\"tabpanel\" tabindex=\"0\" aria-labelledby=\"fusion-tab-waterheater\" id=\"tab-29c77133e83aa1172c8\">\n<p style=\"text-align: center\"><div class=\"fusion-video fusion-youtube fusion-aligncenter\" style=\"--awb-max-width:299px;--awb-max-height:533px;--awb-width:100%;\"><div class=\"video-shortcode\"><lite-youtube videoid=\"i9LyqWUz_ac\" class=\"portrait\" params=\"wmode=transparent&autoplay=1loop=true&mute=1&enablejsapi=1\" title=\"YouTube video player 7\" width=\"299\" height=\"533\"><\/lite-youtube><\/div><\/div><\/div><div class=\"nav fusion-mobile-tab-nav\"><ul class=\"nav-tabs\" role=\"tablist\"><li role=\"presentation\"><a class=\"tab-link\" data-toggle=\"tab\" role=\"tab\" aria-controls=\"tab-261036aa75bfbc7d6b9\" aria-selected=\"false\" tabindex=\"-1\" id=\"mobile-fusion-tab-fridge\/freezer\" href=\"#tab-261036aa75bfbc7d6b9\"><h4 class=\"fusion-tab-heading\"><i class=\"fontawesome-icon fa-temperature-low fas\" aria-hidden=\"true\" style=\"font-size:30px;\"><\/i>FRIDGE\/FREEZER<\/h4><\/a><\/li><\/ul><\/div><div class=\"tab-pane fade fusion-clearfix\" role=\"tabpanel\" tabindex=\"0\" aria-labelledby=\"fusion-tab-fridge\/freezer\" id=\"tab-261036aa75bfbc7d6b9\">\n<p style=\"text-align: center\"><div class=\"fusion-video fusion-youtube fusion-aligncenter\" style=\"--awb-max-width:299px;--awb-max-height:533px;--awb-width:100%;\"><div class=\"video-shortcode\"><lite-youtube videoid=\"cSij7M8MYjU\" class=\"portrait\" params=\"wmode=transparent&autoplay=1loop=true&mute=1&enablejsapi=1\" title=\"YouTube video player 8\" width=\"299\" height=\"533\"><\/lite-youtube><\/div><\/div><\/div><div class=\"nav fusion-mobile-tab-nav\"><ul class=\"nav-tabs\" role=\"tablist\"><li role=\"presentation\"><a class=\"tab-link\" data-toggle=\"tab\" role=\"tab\" aria-controls=\"tab-1d81ef2d9c305848e3c\" aria-selected=\"false\" tabindex=\"-1\" id=\"mobile-fusion-tab-lightpassage(differentials)\" href=\"#tab-1d81ef2d9c305848e3c\"><h4 class=\"fusion-tab-heading\"><i class=\"fontawesome-icon fa-bolt fas\" aria-hidden=\"true\" style=\"font-size:30px;\"><\/i>LIGHT PASSAGE (DIFFERENTIALS)<\/h4><\/a><\/li><\/ul><\/div><div class=\"tab-pane fade fusion-clearfix\" role=\"tabpanel\" tabindex=\"0\" aria-labelledby=\"fusion-tab-lightpassage(differentials)\" id=\"tab-1d81ef2d9c305848e3c\">\n<p style=\"text-align: center\"><div class=\"fusion-video fusion-youtube fusion-aligncenter\" style=\"--awb-max-width:299px;--awb-max-height:533px;--awb-width:100%;\"><div class=\"video-shortcode\"><lite-youtube videoid=\"kZIcBxYMO2Y\" class=\"portrait\" params=\"wmode=transparent&autoplay=1loop=true&mute=1&enablejsapi=1\" title=\"YouTube video player 9\" width=\"299\" height=\"533\"><\/lite-youtube><\/div><\/div><\/div><\/div><\/div><\/div><\/div><div class=\"fusion-layout-column fusion_builder_column fusion-builder-column-2 fusion_builder_column_1_1 1_1 fusion-flex-column\" style=\"--awb-padding-top:40px;--awb-bg-blend:overlay;--awb-bg-size:cover;--awb-width-large:100%;--awb-margin-top-large:0px;--awb-spacing-right-large:1.92%;--awb-margin-bottom-large:0px;--awb-spacing-left-large:1.92%;--awb-width-medium:100%;--awb-spacing-right-medium:1.92%;--awb-spacing-left-medium:1.92%;--awb-width-small:100%;--awb-spacing-right-small:1.92%;--awb-spacing-left-small:1.92%;\"><div class=\"fusion-column-wrapper fusion-flex-justify-content-flex-start fusion-content-layout-column\"><div class=\"fusion-alert alert notice alert-warning fusion-alert-center fusion-alert-capitalize awb-alert-native-link-color alert-dismissable awb-alert-close-boxed\" role=\"alert\"><div class=\"fusion-alert-content-wrapper\"><span class=\"alert-icon\"><i class=\"awb-icon-cog\" aria-hidden=\"true\"><\/i><\/span><span class=\"fusion-alert-content\">If you have any problems with access, call us at <a href=\"tel:+34615989796\">+34 615 98 97 96<\/a> OR <a href=\"tel:636678840\">+34 636 67 88 40<\/a> .<\/span><\/div><button type=\"button\" class=\"close toggle-alert\" data-dismiss=\"alert\" aria-label=\"Close\">&times;<\/button><\/div><\/div><\/div><\/div><\/div>\n","protected":false},"excerpt":{"rendered":"","protected":false},"author":1,"featured_media":0,"parent":0,"menu_order":0,"comment_status":"closed","ping_status":"closed","template":"","meta":{"_joinchat":[],"footnotes":""},"class_list":["post-1978","page","type-page","status-publish","hentry"],"yoast_head":"<!-- This site is optimized with the Yoast SEO plugin v26.7 - https:\/\/yoast.com\/wordpress\/plugins\/seo\/ -->\n<title>FAQ&#039;s | Frequently Asked Questions - Apartaments l&#039;Empalme d&#039;\u00c0ger<\/title>\n<meta name=\"robots\" content=\"noindex, nofollow\" \/>\n<meta property=\"og:locale\" content=\"en_US\" \/>\n<meta property=\"og:type\" content=\"article\" \/>\n<meta property=\"og:title\" content=\"FAQ&#039;s | Frequently Asked Questions - Apartaments l&#039;Empalme d&#039;\u00c0ger\" \/>\n<meta property=\"og:url\" content=\"https:\/\/apartamentsager.com\/en\/faqs\/\" \/>\n<meta property=\"og:site_name\" content=\"Apartaments l&#039;Empalme d&#039;\u00c0ger\" \/>\n<meta property=\"article:modified_time\" content=\"2026-02-13T08:52:49+00:00\" \/>\n<meta property=\"og:image\" content=\"https:\/\/apartamentsager.com\/wp-content\/uploads\/2025\/03\/logo_apartaments_empalme_ager.webp\" \/>\n\t<meta property=\"og:image:width\" content=\"305\" \/>\n\t<meta property=\"og:image:height\" content=\"301\" \/>\n\t<meta property=\"og:image:type\" content=\"image\/webp\" \/>\n<meta name=\"twitter:card\" content=\"summary_large_image\" \/>\n<meta name=\"twitter:label1\" content=\"Est. reading time\" \/>\n\t<meta name=\"twitter:data1\" content=\"1 minute\" \/>\n<script type=\"application\/ld+json\" class=\"yoast-schema-graph\">{\"@context\":\"https:\/\/schema.org\",\"@graph\":[{\"@type\":\"WebPage\",\"@id\":\"https:\/\/apartamentsager.com\/en\/faqs\/\",\"url\":\"https:\/\/apartamentsager.com\/en\/faqs\/\",\"name\":\"FAQ's | Frequently Asked Questions - Apartaments l&#039;Empalme d&#039;\u00c0ger\",\"isPartOf\":{\"@id\":\"https:\/\/apartamentsager.com\/en\/#website\"},\"datePublished\":\"2026-01-13T10:15:11+00:00\",\"dateModified\":\"2026-02-13T08:52:49+00:00\",\"breadcrumb\":{\"@id\":\"https:\/\/apartamentsager.com\/en\/faqs\/#breadcrumb\"},\"inLanguage\":\"en-US\",\"potentialAction\":[{\"@type\":\"ReadAction\",\"target\":[\"https:\/\/apartamentsager.com\/en\/faqs\/\"]}]},{\"@type\":\"BreadcrumbList\",\"@id\":\"https:\/\/apartamentsager.com\/en\/faqs\/#breadcrumb\",\"itemListElement\":[{\"@type\":\"ListItem\",\"position\":1,\"name\":\"Portada\",\"item\":\"https:\/\/apartamentsager.com\/en\/\"},{\"@type\":\"ListItem\",\"position\":2,\"name\":\"FAQ&#8217;s | Frequently Asked Questions\"}]},{\"@type\":\"WebSite\",\"@id\":\"https:\/\/apartamentsager.com\/en\/#website\",\"url\":\"https:\/\/apartamentsager.com\/en\/\",\"name\":\"Apartaments Empalme \u00c0ger\",\"description\":\"Apartaments \u00c0ger | Apartamentos \u00c0ger | \u00c0ger Apartments\",\"publisher\":{\"@id\":\"https:\/\/apartamentsager.com\/en\/#organization\"},\"alternateName\":\"Apartaments \u00c0ger\",\"potentialAction\":[{\"@type\":\"SearchAction\",\"target\":{\"@type\":\"EntryPoint\",\"urlTemplate\":\"https:\/\/apartamentsager.com\/en\/?s={search_term_string}\"},\"query-input\":{\"@type\":\"PropertyValueSpecification\",\"valueRequired\":true,\"valueName\":\"search_term_string\"}}],\"inLanguage\":\"en-US\"},{\"@type\":\"Organization\",\"@id\":\"https:\/\/apartamentsager.com\/en\/#organization\",\"name\":\"Apartaments l'Empalme d'\u00c0ger\",\"alternateName\":\"Apartaments \u00c0ger | Apartamentos \u00c0ger | \u00c0ger Apartments\",\"url\":\"https:\/\/apartamentsager.com\/en\/\",\"logo\":{\"@type\":\"ImageObject\",\"inLanguage\":\"en-US\",\"@id\":\"https:\/\/apartamentsager.com\/en\/#\/schema\/logo\/image\/\",\"url\":\"https:\/\/apartamentsager.com\/wp-content\/uploads\/2025\/03\/logo_apartaments_empalme_ager.webp\",\"contentUrl\":\"https:\/\/apartamentsager.com\/wp-content\/uploads\/2025\/03\/logo_apartaments_empalme_ager.webp\",\"width\":305,\"height\":301,\"caption\":\"Apartaments l'Empalme d'\u00c0ger\"},\"image\":{\"@id\":\"https:\/\/apartamentsager.com\/en\/#\/schema\/logo\/image\/\"},\"sameAs\":[\"https:\/\/www.instagram.com\/apartaments.empalme.ager\/\"]}]}<\/script>\n<!-- \/ Yoast SEO plugin. -->","yoast_head_json":{"title":"FAQ's | Frequently Asked Questions - Apartaments l&#039;Empalme d&#039;\u00c0ger","robots":{"index":"noindex","follow":"nofollow"},"og_locale":"en_US","og_type":"article","og_title":"FAQ's | Frequently Asked Questions - Apartaments l&#039;Empalme d&#039;\u00c0ger","og_url":"https:\/\/apartamentsager.com\/en\/faqs\/","og_site_name":"Apartaments l&#039;Empalme d&#039;\u00c0ger","article_modified_time":"2026-02-13T08:52:49+00:00","og_image":[{"width":305,"height":301,"url":"https:\/\/apartamentsager.com\/wp-content\/uploads\/2025\/03\/logo_apartaments_empalme_ager.webp","type":"image\/webp"}],"twitter_card":"summary_large_image","twitter_misc":{"Est. reading time":"1 minute"},"schema":{"@context":"https:\/\/schema.org","@graph":[{"@type":"WebPage","@id":"https:\/\/apartamentsager.com\/en\/faqs\/","url":"https:\/\/apartamentsager.com\/en\/faqs\/","name":"FAQ's | Frequently Asked Questions - Apartaments l&#039;Empalme d&#039;\u00c0ger","isPartOf":{"@id":"https:\/\/apartamentsager.com\/en\/#website"},"datePublished":"2026-01-13T10:15:11+00:00","dateModified":"2026-02-13T08:52:49+00:00","breadcrumb":{"@id":"https:\/\/apartamentsager.com\/en\/faqs\/#breadcrumb"},"inLanguage":"en-US","potentialAction":[{"@type":"ReadAction","target":["https:\/\/apartamentsager.com\/en\/faqs\/"]}]},{"@type":"BreadcrumbList","@id":"https:\/\/apartamentsager.com\/en\/faqs\/#breadcrumb","itemListElement":[{"@type":"ListItem","position":1,"name":"Portada","item":"https:\/\/apartamentsager.com\/en\/"},{"@type":"ListItem","position":2,"name":"FAQ&#8217;s | Frequently Asked Questions"}]},{"@type":"WebSite","@id":"https:\/\/apartamentsager.com\/en\/#website","url":"https:\/\/apartamentsager.com\/en\/","name":"Apartaments Empalme \u00c0ger","description":"Apartaments \u00c0ger | Apartamentos \u00c0ger | \u00c0ger Apartments","publisher":{"@id":"https:\/\/apartamentsager.com\/en\/#organization"},"alternateName":"Apartaments \u00c0ger","potentialAction":[{"@type":"SearchAction","target":{"@type":"EntryPoint","urlTemplate":"https:\/\/apartamentsager.com\/en\/?s={search_term_string}"},"query-input":{"@type":"PropertyValueSpecification","valueRequired":true,"valueName":"search_term_string"}}],"inLanguage":"en-US"},{"@type":"Organization","@id":"https:\/\/apartamentsager.com\/en\/#organization","name":"Apartaments l'Empalme d'\u00c0ger","alternateName":"Apartaments \u00c0ger | Apartamentos \u00c0ger | \u00c0ger Apartments","url":"https:\/\/apartamentsager.com\/en\/","logo":{"@type":"ImageObject","inLanguage":"en-US","@id":"https:\/\/apartamentsager.com\/en\/#\/schema\/logo\/image\/","url":"https:\/\/apartamentsager.com\/wp-content\/uploads\/2025\/03\/logo_apartaments_empalme_ager.webp","contentUrl":"https:\/\/apartamentsager.com\/wp-content\/uploads\/2025\/03\/logo_apartaments_empalme_ager.webp","width":305,"height":301,"caption":"Apartaments l'Empalme d'\u00c0ger"},"image":{"@id":"https:\/\/apartamentsager.com\/en\/#\/schema\/logo\/image\/"},"sameAs":["https:\/\/www.instagram.com\/apartaments.empalme.ager\/"]}]}},"_links":{"self":[{"href":"https:\/\/apartamentsager.com\/en\/wp-json\/wp\/v2\/pages\/1978","targetHints":{"allow":["GET"]}}],"collection":[{"href":"https:\/\/apartamentsager.com\/en\/wp-json\/wp\/v2\/pages"}],"about":[{"href":"https:\/\/apartamentsager.com\/en\/wp-json\/wp\/v2\/types\/page"}],"author":[{"embeddable":true,"href":"https:\/\/apartamentsager.com\/en\/wp-json\/wp\/v2\/users\/1"}],"replies":[{"embeddable":true,"href":"https:\/\/apartamentsager.com\/en\/wp-json\/wp\/v2\/comments?post=1978"}],"version-history":[{"count":5,"href":"https:\/\/apartamentsager.com\/en\/wp-json\/wp\/v2\/pages\/1978\/revisions"}],"predecessor-version":[{"id":2000,"href":"https:\/\/apartamentsager.com\/en\/wp-json\/wp\/v2\/pages\/1978\/revisions\/2000"}],"wp:attachment":[{"href":"https:\/\/apartamentsager.com\/en\/wp-json\/wp\/v2\/media?parent=1978"}],"curies":[{"name":"wp","href":"https:\/\/api.w.org\/{rel}","templated":true}]}}