{"id":1780,"date":"2025-01-07T17:25:59","date_gmt":"2025-01-07T16:25:59","guid":{"rendered":"https:\/\/apartamentsager.com\/el-parque-astronomico-del-montsec\/"},"modified":"2025-01-09T12:15:44","modified_gmt":"2025-01-09T11:15:44","slug":"el-parque-astronomico-del-montsec","status":"publish","type":"page","link":"https:\/\/apartamentsager.com\/es\/el-parque-astronomico-del-montsec\/","title":{"rendered":"El Parque Astron\u00f3mico del Montsec"},"content":{"rendered":"<div class=\"fusion-fullwidth fullwidth-box fusion-builder-row-1 fusion-flex-container has-pattern-background has-mask-background nonhundred-percent-fullwidth non-hundred-percent-height-scrolling\" style=\"--awb-border-radius-top-left:0px;--awb-border-radius-top-right:0px;--awb-border-radius-bottom-right:0px;--awb-border-radius-bottom-left:0px;--awb-flex-wrap:wrap;\" ><div class=\"fusion-builder-row fusion-row fusion-flex-align-items-flex-start fusion-flex-content-wrap\" style=\"max-width:1216.8px;margin-left: calc(-4% \/ 2 );margin-right: calc(-4% \/ 2 );\"><div class=\"fusion-layout-column fusion_builder_column fusion-builder-column-0 fusion_builder_column_1_2 1_2 fusion-flex-column\" style=\"--awb-bg-size:cover;--awb-width-large:50%;--awb-margin-top-large:0px;--awb-spacing-right-large:3.84%;--awb-margin-bottom-large:0px;--awb-spacing-left-large:3.84%;--awb-width-medium:100%;--awb-order-medium:0;--awb-spacing-right-medium:1.92%;--awb-spacing-left-medium:1.92%;--awb-width-small:100%;--awb-order-small:0;--awb-spacing-right-small:1.92%;--awb-spacing-left-small:1.92%;\"><div class=\"fusion-column-wrapper fusion-column-has-shadow fusion-flex-justify-content-flex-start fusion-content-layout-column\"><div class=\"fusion-text fusion-text-1\"><p>El Parque Astron\u00f3mico del Montsec, situado en el coraz\u00f3n de la sierra del Montsec, en \u00c0ger, es uno de los mejores lugares de Europa para observar el cielo nocturno. Este lugar goza de un cielo limpio y libre de contaminaci\u00f3n lum\u00ednica gracias a la baja densidad de poblaci\u00f3n y las condiciones clim\u00e1ticas de la zona.<\/p>\n<p>El entorno del parque es impresionante, con paisajes de monta\u00f1as calc\u00e1reas, bosques mediterr\u00e1neos y una vista espectacular de la llanura de Lleida y los Pirineos. El parque est\u00e1 dise\u00f1ado para todas las edades y combina ciencia, naturaleza y ocio. Su principal atractivo es el Ojo del Montsec, un planetario \u00fanico con una c\u00fapula m\u00f3vil que permite gozar tanto de proyecciones astron\u00f3micas como de la observaci\u00f3n directa del cielo.<\/p>\n<p>&nbsp;<\/p>\n<\/div><\/div><\/div><div class=\"fusion-layout-column fusion_builder_column fusion-builder-column-1 fusion_builder_column_1_2 1_2 fusion-flex-column\" style=\"--awb-bg-size:cover;--awb-width-large:50%;--awb-margin-top-large:0px;--awb-spacing-right-large:3.84%;--awb-margin-bottom-large:0px;--awb-spacing-left-large:3.84%;--awb-width-medium:100%;--awb-order-medium:0;--awb-spacing-right-medium:1.92%;--awb-spacing-left-medium:1.92%;--awb-width-small:100%;--awb-order-small:0;--awb-spacing-right-small:1.92%;--awb-spacing-left-small:1.92%;\"><div class=\"fusion-column-wrapper fusion-column-has-shadow fusion-flex-justify-content-flex-start fusion-content-layout-column\"><div class=\"fusion-image-element \" style=\"--awb-caption-title-font-family:var(--h2_typography-font-family);--awb-caption-title-font-weight:var(--h2_typography-font-weight);--awb-caption-title-font-style:var(--h2_typography-font-style);--awb-caption-title-size:var(--h2_typography-font-size);--awb-caption-title-transform:var(--h2_typography-text-transform);--awb-caption-title-line-height:var(--h2_typography-line-height);--awb-caption-title-letter-spacing:var(--h2_typography-letter-spacing);\"><span class=\" fusion-imageframe imageframe-none imageframe-1 hover-type-none\"><img decoding=\"async\" width=\"1700\" height=\"1133\" alt=\"Imatge de la Vall d&#039;\u00c0ger, on es troba el Parc Astron\u00f2mic del Montsec.\" title=\"DSC3129\" src=\"https:\/\/apartamentsager.com\/wp-content\/uploads\/2024\/03\/DSC3129.jpg\" data-orig-src=\"https:\/\/apartamentsager.com\/wp-content\/uploads\/2024\/03\/DSC3129.jpg\" class=\"lazyload img-responsive wp-image-1682\" srcset=\"data:image\/svg+xml,%3Csvg%20xmlns%3D%27http%3A%2F%2Fwww.w3.org%2F2000%2Fsvg%27%20width%3D%271700%27%20height%3D%271133%27%20viewBox%3D%270%200%201700%201133%27%3E%3Crect%20width%3D%271700%27%20height%3D%271133%27%20fill-opacity%3D%220%22%2F%3E%3C%2Fsvg%3E\" data-srcset=\"https:\/\/apartamentsager.com\/wp-content\/uploads\/2024\/03\/DSC3129-200x133.jpg 200w, https:\/\/apartamentsager.com\/wp-content\/uploads\/2024\/03\/DSC3129-400x267.jpg 400w, https:\/\/apartamentsager.com\/wp-content\/uploads\/2024\/03\/DSC3129-600x400.jpg 600w, https:\/\/apartamentsager.com\/wp-content\/uploads\/2024\/03\/DSC3129-800x533.jpg 800w, https:\/\/apartamentsager.com\/wp-content\/uploads\/2024\/03\/DSC3129-1200x800.jpg 1200w, https:\/\/apartamentsager.com\/wp-content\/uploads\/2024\/03\/DSC3129.jpg 1700w\" data-sizes=\"auto\" data-orig-sizes=\"(max-width: 1024px) 100vw, (max-width: 640px) 100vw, 600px\" \/><\/span><\/div><\/div><\/div><div class=\"fusion-layout-column fusion_builder_column fusion-builder-column-2 fusion_builder_column_1_1 1_1 fusion-flex-column\" style=\"--awb-bg-size:cover;--awb-width-large:100%;--awb-margin-top-large:0px;--awb-spacing-right-large:1.92%;--awb-margin-bottom-large:0px;--awb-spacing-left-large:1.92%;--awb-width-medium:100%;--awb-order-medium:0;--awb-spacing-right-medium:1.92%;--awb-spacing-left-medium:1.92%;--awb-width-small:100%;--awb-order-small:0;--awb-spacing-right-small:1.92%;--awb-spacing-left-small:1.92%;\"><div class=\"fusion-column-wrapper fusion-column-has-shadow fusion-flex-justify-content-flex-start fusion-content-layout-column\"><div class=\"fusion-text fusion-text-2\"><p>Las actividades incluyen sesiones guiadas para descubrir constelaciones, planetas y galaxias con telescopios avanzados, as\u00ed como talleres did\u00e1cticos para aprender sobre el universo. Est\u00e1n dirigidas a todos los p\u00fablicos y pueden realizarse tanto de d\u00eda como de noche. Tambi\u00e9n es posible visitar el Centro de Observaci\u00f3n del Universo (COU), que cuenta con exposiciones interactivas sobre astronom\u00eda y ciencias del espacio.<\/p>\n<p>Las noches en el parque son m\u00e1gicas, especialmente durante eventos astron\u00f3micos como lluvias de estrellas o eclipses, que pueden disfrutarse en un entorno incomparable. Adem\u00e1s, Montsec forma parte de la Reserva Starlight, un reconocimiento internacional a la calidad de su cielo nocturno.<\/p>\n<p>El Parc Astron\u00f2mic del Montsec es una experiencia \u00fanica que combina conocimiento y emoci\u00f3n, ideal para familias, estudiantes y apasionados de la astronom\u00eda. Una visita imprescindible para conectar con el universo y explorar la inmensidad del cosmos. Est\u00e1 considerado el equipamiento de astronom\u00eda m\u00e1s importante de Catalu\u00f1a, gracias a sus caracter\u00edsticas que permiten observar el cielo nocturno con todo detalle y descubrir secretos que esconde nuestro universo.<\/p>\n<\/div><\/div><\/div><\/div><\/div>\n","protected":false},"excerpt":{"rendered":"","protected":false},"author":1,"featured_media":0,"parent":0,"menu_order":0,"comment_status":"closed","ping_status":"closed","template":"","meta":{"_joinchat":[],"footnotes":""},"class_list":["post-1780","page","type-page","status-publish","hentry"],"yoast_head":"<!-- This site is optimized with the Yoast SEO plugin v26.7 - https:\/\/yoast.com\/wordpress\/plugins\/seo\/ -->\n<title>Parque Astron\u00f3mico del Montsec | Apartaments l&#039;Empalme d&#039;\u00c0ger<\/title>\n<meta name=\"description\" content=\"El Parque Astron\u00f3mico del Montsec, situado en el coraz\u00f3n de la sierra del Montsec, es uno de los mejores lugares para ver el cielo nocturno.\" \/>\n<meta name=\"robots\" content=\"index, follow, max-snippet:-1, max-image-preview:large, max-video-preview:-1\" \/>\n<link rel=\"canonical\" href=\"https:\/\/apartamentsager.com\/es\/el-parque-astronomico-del-montsec\/\" \/>\n<meta property=\"og:locale\" content=\"es_ES\" \/>\n<meta property=\"og:type\" content=\"article\" \/>\n<meta property=\"og:title\" content=\"Parque Astron\u00f3mico del Montsec | Apartaments l&#039;Empalme d&#039;\u00c0ger\" \/>\n<meta property=\"og:description\" content=\"El Parque Astron\u00f3mico del Montsec, situado en el coraz\u00f3n de la sierra del Montsec, es uno de los mejores lugares para ver el cielo nocturno.\" \/>\n<meta property=\"og:url\" content=\"https:\/\/apartamentsager.com\/es\/el-parque-astronomico-del-montsec\/\" \/>\n<meta property=\"og:site_name\" content=\"Apartaments l&#039;Empalme d&#039;\u00c0ger\" \/>\n<meta property=\"article:modified_time\" content=\"2025-01-09T11:15:44+00:00\" \/>\n<meta property=\"og:image\" content=\"https:\/\/apartamentsager.com\/wp-content\/uploads\/2025\/03\/logo_apartaments_empalme_ager.webp\" \/>\n\t<meta property=\"og:image:width\" content=\"305\" \/>\n\t<meta property=\"og:image:height\" content=\"301\" \/>\n\t<meta property=\"og:image:type\" content=\"image\/webp\" \/>\n<meta name=\"twitter:card\" content=\"summary_large_image\" \/>\n<meta name=\"twitter:label1\" content=\"Tiempo de lectura\" \/>\n\t<meta name=\"twitter:data1\" content=\"2 minutos\" \/>\n<script type=\"application\/ld+json\" class=\"yoast-schema-graph\">{\"@context\":\"https:\/\/schema.org\",\"@graph\":[{\"@type\":\"WebPage\",\"@id\":\"https:\/\/apartamentsager.com\/es\/el-parque-astronomico-del-montsec\/\",\"url\":\"https:\/\/apartamentsager.com\/es\/el-parque-astronomico-del-montsec\/\",\"name\":\"Parque Astron\u00f3mico del Montsec | Apartaments l'Empalme d'\u00c0ger\",\"isPartOf\":{\"@id\":\"https:\/\/apartamentsager.com\/es\/#website\"},\"datePublished\":\"2025-01-07T16:25:59+00:00\",\"dateModified\":\"2025-01-09T11:15:44+00:00\",\"description\":\"El Parque Astron\u00f3mico del Montsec, situado en el coraz\u00f3n de la sierra del Montsec, es uno de los mejores lugares para ver el cielo nocturno.\",\"breadcrumb\":{\"@id\":\"https:\/\/apartamentsager.com\/es\/el-parque-astronomico-del-montsec\/#breadcrumb\"},\"inLanguage\":\"es\",\"potentialAction\":[{\"@type\":\"ReadAction\",\"target\":[\"https:\/\/apartamentsager.com\/es\/el-parque-astronomico-del-montsec\/\"]}]},{\"@type\":\"BreadcrumbList\",\"@id\":\"https:\/\/apartamentsager.com\/es\/el-parque-astronomico-del-montsec\/#breadcrumb\",\"itemListElement\":[{\"@type\":\"ListItem\",\"position\":1,\"name\":\"Portada\",\"item\":\"https:\/\/apartamentsager.com\/es\/\"},{\"@type\":\"ListItem\",\"position\":2,\"name\":\"El Parque Astron\u00f3mico del Montsec\"}]},{\"@type\":\"WebSite\",\"@id\":\"https:\/\/apartamentsager.com\/es\/#website\",\"url\":\"https:\/\/apartamentsager.com\/es\/\",\"name\":\"Apartaments Empalme \u00c0ger\",\"description\":\"Apartaments \u00c0ger | Apartamentos \u00c0ger | \u00c0ger Apartments\",\"publisher\":{\"@id\":\"https:\/\/apartamentsager.com\/es\/#organization\"},\"alternateName\":\"Apartaments \u00c0ger\",\"potentialAction\":[{\"@type\":\"SearchAction\",\"target\":{\"@type\":\"EntryPoint\",\"urlTemplate\":\"https:\/\/apartamentsager.com\/es\/?s={search_term_string}\"},\"query-input\":{\"@type\":\"PropertyValueSpecification\",\"valueRequired\":true,\"valueName\":\"search_term_string\"}}],\"inLanguage\":\"es\"},{\"@type\":\"Organization\",\"@id\":\"https:\/\/apartamentsager.com\/es\/#organization\",\"name\":\"Apartaments l'Empalme d'\u00c0ger\",\"alternateName\":\"Apartaments \u00c0ger | Apartamentos \u00c0ger | \u00c0ger Apartments\",\"url\":\"https:\/\/apartamentsager.com\/es\/\",\"logo\":{\"@type\":\"ImageObject\",\"inLanguage\":\"es\",\"@id\":\"https:\/\/apartamentsager.com\/es\/#\/schema\/logo\/image\/\",\"url\":\"https:\/\/apartamentsager.com\/wp-content\/uploads\/2025\/03\/logo_apartaments_empalme_ager.webp\",\"contentUrl\":\"https:\/\/apartamentsager.com\/wp-content\/uploads\/2025\/03\/logo_apartaments_empalme_ager.webp\",\"width\":305,\"height\":301,\"caption\":\"Apartaments l'Empalme d'\u00c0ger\"},\"image\":{\"@id\":\"https:\/\/apartamentsager.com\/es\/#\/schema\/logo\/image\/\"},\"sameAs\":[\"https:\/\/www.instagram.com\/apartaments.empalme.ager\/\"]}]}<\/script>\n<!-- \/ Yoast SEO plugin. -->","yoast_head_json":{"title":"Parque Astron\u00f3mico del Montsec | Apartaments l'Empalme d'\u00c0ger","description":"El Parque Astron\u00f3mico del Montsec, situado en el coraz\u00f3n de la sierra del Montsec, es uno de los mejores lugares para ver el cielo nocturno.","robots":{"index":"index","follow":"follow","max-snippet":"max-snippet:-1","max-image-preview":"max-image-preview:large","max-video-preview":"max-video-preview:-1"},"canonical":"https:\/\/apartamentsager.com\/es\/el-parque-astronomico-del-montsec\/","og_locale":"es_ES","og_type":"article","og_title":"Parque Astron\u00f3mico del Montsec | Apartaments l'Empalme d'\u00c0ger","og_description":"El Parque Astron\u00f3mico del Montsec, situado en el coraz\u00f3n de la sierra del Montsec, es uno de los mejores lugares para ver el cielo nocturno.","og_url":"https:\/\/apartamentsager.com\/es\/el-parque-astronomico-del-montsec\/","og_site_name":"Apartaments l&#039;Empalme d&#039;\u00c0ger","article_modified_time":"2025-01-09T11:15:44+00:00","og_image":[{"width":305,"height":301,"url":"https:\/\/apartamentsager.com\/wp-content\/uploads\/2025\/03\/logo_apartaments_empalme_ager.webp","type":"image\/webp"}],"twitter_card":"summary_large_image","twitter_misc":{"Tiempo de lectura":"2 minutos"},"schema":{"@context":"https:\/\/schema.org","@graph":[{"@type":"WebPage","@id":"https:\/\/apartamentsager.com\/es\/el-parque-astronomico-del-montsec\/","url":"https:\/\/apartamentsager.com\/es\/el-parque-astronomico-del-montsec\/","name":"Parque Astron\u00f3mico del Montsec | Apartaments l'Empalme d'\u00c0ger","isPartOf":{"@id":"https:\/\/apartamentsager.com\/es\/#website"},"datePublished":"2025-01-07T16:25:59+00:00","dateModified":"2025-01-09T11:15:44+00:00","description":"El Parque Astron\u00f3mico del Montsec, situado en el coraz\u00f3n de la sierra del Montsec, es uno de los mejores lugares para ver el cielo nocturno.","breadcrumb":{"@id":"https:\/\/apartamentsager.com\/es\/el-parque-astronomico-del-montsec\/#breadcrumb"},"inLanguage":"es","potentialAction":[{"@type":"ReadAction","target":["https:\/\/apartamentsager.com\/es\/el-parque-astronomico-del-montsec\/"]}]},{"@type":"BreadcrumbList","@id":"https:\/\/apartamentsager.com\/es\/el-parque-astronomico-del-montsec\/#breadcrumb","itemListElement":[{"@type":"ListItem","position":1,"name":"Portada","item":"https:\/\/apartamentsager.com\/es\/"},{"@type":"ListItem","position":2,"name":"El Parque Astron\u00f3mico del Montsec"}]},{"@type":"WebSite","@id":"https:\/\/apartamentsager.com\/es\/#website","url":"https:\/\/apartamentsager.com\/es\/","name":"Apartaments Empalme \u00c0ger","description":"Apartaments \u00c0ger | Apartamentos \u00c0ger | \u00c0ger Apartments","publisher":{"@id":"https:\/\/apartamentsager.com\/es\/#organization"},"alternateName":"Apartaments \u00c0ger","potentialAction":[{"@type":"SearchAction","target":{"@type":"EntryPoint","urlTemplate":"https:\/\/apartamentsager.com\/es\/?s={search_term_string}"},"query-input":{"@type":"PropertyValueSpecification","valueRequired":true,"valueName":"search_term_string"}}],"inLanguage":"es"},{"@type":"Organization","@id":"https:\/\/apartamentsager.com\/es\/#organization","name":"Apartaments l'Empalme d'\u00c0ger","alternateName":"Apartaments \u00c0ger | Apartamentos \u00c0ger | \u00c0ger Apartments","url":"https:\/\/apartamentsager.com\/es\/","logo":{"@type":"ImageObject","inLanguage":"es","@id":"https:\/\/apartamentsager.com\/es\/#\/schema\/logo\/image\/","url":"https:\/\/apartamentsager.com\/wp-content\/uploads\/2025\/03\/logo_apartaments_empalme_ager.webp","contentUrl":"https:\/\/apartamentsager.com\/wp-content\/uploads\/2025\/03\/logo_apartaments_empalme_ager.webp","width":305,"height":301,"caption":"Apartaments l'Empalme d'\u00c0ger"},"image":{"@id":"https:\/\/apartamentsager.com\/es\/#\/schema\/logo\/image\/"},"sameAs":["https:\/\/www.instagram.com\/apartaments.empalme.ager\/"]}]}},"_links":{"self":[{"href":"https:\/\/apartamentsager.com\/es\/wp-json\/wp\/v2\/pages\/1780","targetHints":{"allow":["GET"]}}],"collection":[{"href":"https:\/\/apartamentsager.com\/es\/wp-json\/wp\/v2\/pages"}],"about":[{"href":"https:\/\/apartamentsager.com\/es\/wp-json\/wp\/v2\/types\/page"}],"author":[{"embeddable":true,"href":"https:\/\/apartamentsager.com\/es\/wp-json\/wp\/v2\/users\/1"}],"replies":[{"embeddable":true,"href":"https:\/\/apartamentsager.com\/es\/wp-json\/wp\/v2\/comments?post=1780"}],"version-history":[{"count":2,"href":"https:\/\/apartamentsager.com\/es\/wp-json\/wp\/v2\/pages\/1780\/revisions"}],"predecessor-version":[{"id":1782,"href":"https:\/\/apartamentsager.com\/es\/wp-json\/wp\/v2\/pages\/1780\/revisions\/1782"}],"wp:attachment":[{"href":"https:\/\/apartamentsager.com\/es\/wp-json\/wp\/v2\/media?parent=1780"}],"curies":[{"name":"wp","href":"https:\/\/api.w.org\/{rel}","templated":true}]}}