{"id":1784,"date":"2025-01-07T17:23:55","date_gmt":"2025-01-07T16:23:55","guid":{"rendered":"https:\/\/apartamentsager.com\/congost-de-mont-rebei\/"},"modified":"2025-01-09T12:37:06","modified_gmt":"2025-01-09T11:37:06","slug":"congost-de-mont-rebei","status":"publish","type":"page","link":"https:\/\/apartamentsager.com\/es\/congost-de-mont-rebei\/","title":{"rendered":"Congost de Mont-rebei"},"content":{"rendered":"<div class=\"fusion-fullwidth fullwidth-box fusion-builder-row-1 fusion-flex-container has-pattern-background has-mask-background nonhundred-percent-fullwidth non-hundred-percent-height-scrolling\" style=\"--awb-border-radius-top-left:0px;--awb-border-radius-top-right:0px;--awb-border-radius-bottom-right:0px;--awb-border-radius-bottom-left:0px;--awb-flex-wrap:wrap;\" ><div class=\"fusion-builder-row fusion-row fusion-flex-align-items-flex-start fusion-flex-content-wrap\" style=\"max-width:1216.8px;margin-left: calc(-4% \/ 2 );margin-right: calc(-4% \/ 2 );\"><div class=\"fusion-layout-column fusion_builder_column fusion-builder-column-0 fusion_builder_column_1_2 1_2 fusion-flex-column\" style=\"--awb-bg-size:cover;--awb-width-large:50%;--awb-margin-top-large:0px;--awb-spacing-right-large:3.84%;--awb-margin-bottom-large:0px;--awb-spacing-left-large:3.84%;--awb-width-medium:100%;--awb-order-medium:0;--awb-spacing-right-medium:1.92%;--awb-spacing-left-medium:1.92%;--awb-width-small:100%;--awb-order-small:0;--awb-spacing-right-small:1.92%;--awb-spacing-left-small:1.92%;\"><div class=\"fusion-column-wrapper fusion-column-has-shadow fusion-flex-justify-content-flex-start fusion-content-layout-column\"><div class=\"fusion-text fusion-text-1\"><p>El Congost de Mont-rebei, situado entre Lleida y Huesca, es uno de los paisajes m\u00e1s impresionantes de Catalu\u00f1a. Este desfiladero es una grieta natural cortada por el r\u00edo Noguera Ribagor\u00e7ana que divide las sierras del Montsec d&#8217;Ares y del Montsec del Estall. Con paredes verticales que pueden superar los 500 metros de altura, el desfiladero ofrece vistas espectaculares que dejan sin aliento.<\/p>\n<p>El sendero que atraviesa el Congost es \u00fanico, ya que se trata de un camino excavados en las rocas calizas sin ninguna infraestructura moderna, lo que le otorga un encanto salvaje y aut\u00e9ntico. Durante la traves\u00eda, se pueden contemplar acantilados espectaculares, cuevas y una vegetaci\u00f3n mediterr\u00e1nea formada por encinas, pinos y matorrales arom\u00e1ticos. Adem\u00e1s, es habitual vislumbrar buitres, \u00e1guilas y otras aves rapaces que sobrevuelan la zona.<\/p>\n<\/div><\/div><\/div><div class=\"fusion-layout-column fusion_builder_column fusion-builder-column-1 fusion_builder_column_1_2 1_2 fusion-flex-column\" style=\"--awb-bg-size:cover;--awb-width-large:50%;--awb-margin-top-large:0px;--awb-spacing-right-large:3.84%;--awb-margin-bottom-large:0px;--awb-spacing-left-large:3.84%;--awb-width-medium:100%;--awb-order-medium:0;--awb-spacing-right-medium:1.92%;--awb-spacing-left-medium:1.92%;--awb-width-small:100%;--awb-order-small:0;--awb-spacing-right-small:1.92%;--awb-spacing-left-small:1.92%;\"><div class=\"fusion-column-wrapper fusion-column-has-shadow fusion-flex-justify-content-flex-start fusion-content-layout-column\"><div class=\"fusion-image-element \" style=\"--awb-caption-title-font-family:var(--h2_typography-font-family);--awb-caption-title-font-weight:var(--h2_typography-font-weight);--awb-caption-title-font-style:var(--h2_typography-font-style);--awb-caption-title-size:var(--h2_typography-font-size);--awb-caption-title-transform:var(--h2_typography-text-transform);--awb-caption-title-line-height:var(--h2_typography-line-height);--awb-caption-title-letter-spacing:var(--h2_typography-letter-spacing);\"><span class=\" fusion-imageframe imageframe-none imageframe-1 hover-type-none\"><img decoding=\"async\" width=\"2560\" height=\"1707\" alt=\"Vista d&#039;una de les seccions de la ruta que recorre el Congost de Mont-rebei.\" title=\"Congost-de-Mont-rebei-3-scaled\" src=\"https:\/\/apartamentsager.com\/wp-content\/uploads\/2025\/01\/Congost-de-Mont-rebei-3-scaled-1.jpg\" data-orig-src=\"https:\/\/apartamentsager.com\/wp-content\/uploads\/2025\/01\/Congost-de-Mont-rebei-3-scaled-1.jpg\" class=\"lazyload img-responsive wp-image-1741\" srcset=\"data:image\/svg+xml,%3Csvg%20xmlns%3D%27http%3A%2F%2Fwww.w3.org%2F2000%2Fsvg%27%20width%3D%272560%27%20height%3D%271707%27%20viewBox%3D%270%200%202560%201707%27%3E%3Crect%20width%3D%272560%27%20height%3D%271707%27%20fill-opacity%3D%220%22%2F%3E%3C%2Fsvg%3E\" data-srcset=\"https:\/\/apartamentsager.com\/wp-content\/uploads\/2025\/01\/Congost-de-Mont-rebei-3-scaled-1-200x133.jpg 200w, https:\/\/apartamentsager.com\/wp-content\/uploads\/2025\/01\/Congost-de-Mont-rebei-3-scaled-1-400x267.jpg 400w, https:\/\/apartamentsager.com\/wp-content\/uploads\/2025\/01\/Congost-de-Mont-rebei-3-scaled-1-600x400.jpg 600w, https:\/\/apartamentsager.com\/wp-content\/uploads\/2025\/01\/Congost-de-Mont-rebei-3-scaled-1-800x533.jpg 800w, https:\/\/apartamentsager.com\/wp-content\/uploads\/2025\/01\/Congost-de-Mont-rebei-3-scaled-1-1200x800.jpg 1200w, https:\/\/apartamentsager.com\/wp-content\/uploads\/2025\/01\/Congost-de-Mont-rebei-3-scaled-1.jpg 2560w\" data-sizes=\"auto\" data-orig-sizes=\"(max-width: 1024px) 100vw, (max-width: 640px) 100vw, 600px\" \/><\/span><\/div><\/div><\/div><div class=\"fusion-layout-column fusion_builder_column fusion-builder-column-2 fusion_builder_column_1_1 1_1 fusion-flex-column\" style=\"--awb-bg-size:cover;--awb-width-large:100%;--awb-margin-top-large:0px;--awb-spacing-right-large:1.92%;--awb-margin-bottom-large:0px;--awb-spacing-left-large:1.92%;--awb-width-medium:100%;--awb-order-medium:0;--awb-spacing-right-medium:1.92%;--awb-spacing-left-medium:1.92%;--awb-width-small:100%;--awb-order-small:0;--awb-spacing-right-small:1.92%;--awb-spacing-left-small:1.92%;\"><div class=\"fusion-column-wrapper fusion-column-has-shadow fusion-flex-justify-content-flex-start fusion-content-layout-column\"><div class=\"fusion-text fusion-text-2\"><p>Las actividades en el Congost de Mont-rebei incluyen el senderismo, con varias rutas adaptadas a todos los niveles, y el kayak, que permite navegar por las aguas tranquilas del r\u00edo mientras se admira el entorno. Tambi\u00e9n es un sitio ideal para los amantes de la fotograf\u00eda y la observaci\u00f3n de la fauna. Otra opci\u00f3n es recorrer los puentes colgantes de Montfalc\u00f3, que conectan el desfiladero con el lado aragon\u00e9s.<\/p>\n<p>Este lugar representa una escapada perfecta para conectar con la naturaleza y gozar de la paz y la majestuosidad de un espacio virgen. Sin duda, el Congost de Mont-rebei es un tesoro que deja una huella imborrable en cualquier visitante.<\/p>\n<p>El Congost es una maravilla de la naturaleza y una de las rutas m\u00e1s espectaculares de la Pen\u00ednsula Ib\u00e9rica. Hay diferentes puntos de partida, desde el parquing de la Masieta o desde el parking de la Pertusa. Tambi\u00e9n se puede realizar la ruta en sentido contrario partiendo desde el pueblo de Montfalc\u00f3, en la provincia de Huesca.<\/p>\n<\/div><\/div><\/div><\/div><\/div>\n","protected":false},"excerpt":{"rendered":"","protected":false},"author":1,"featured_media":0,"parent":0,"menu_order":0,"comment_status":"closed","ping_status":"closed","template":"","meta":{"_joinchat":[],"footnotes":""},"class_list":["post-1784","page","type-page","status-publish","hentry"],"yoast_head":"<!-- This site is optimized with the Yoast SEO plugin v26.7 - https:\/\/yoast.com\/wordpress\/plugins\/seo\/ -->\n<title>Congost de Mont-rebei | Apartaments l&#039;Empalme d&#039;\u00c0ger<\/title>\n<meta name=\"description\" content=\"El Congost de Mont-rebei, situado entre Lleida y Huesca, es uno de los paisajes m\u00e1s impresionantes de Catalu\u00f1a con vistas espectaculares.\" \/>\n<meta name=\"robots\" content=\"index, follow, max-snippet:-1, max-image-preview:large, max-video-preview:-1\" \/>\n<link rel=\"canonical\" href=\"https:\/\/apartamentsager.com\/es\/congost-de-mont-rebei\/\" \/>\n<meta property=\"og:locale\" content=\"es_ES\" \/>\n<meta property=\"og:type\" content=\"article\" \/>\n<meta property=\"og:title\" content=\"Congost de Mont-rebei | Apartaments l&#039;Empalme d&#039;\u00c0ger\" \/>\n<meta property=\"og:description\" content=\"El Congost de Mont-rebei, situado entre Lleida y Huesca, es uno de los paisajes m\u00e1s impresionantes de Catalu\u00f1a con vistas espectaculares.\" \/>\n<meta property=\"og:url\" content=\"https:\/\/apartamentsager.com\/es\/congost-de-mont-rebei\/\" \/>\n<meta property=\"og:site_name\" content=\"Apartaments l&#039;Empalme d&#039;\u00c0ger\" \/>\n<meta property=\"article:modified_time\" content=\"2025-01-09T11:37:06+00:00\" \/>\n<meta property=\"og:image\" content=\"https:\/\/apartamentsager.com\/wp-content\/uploads\/2025\/03\/logo_apartaments_empalme_ager.webp\" \/>\n\t<meta property=\"og:image:width\" content=\"305\" \/>\n\t<meta property=\"og:image:height\" content=\"301\" \/>\n\t<meta property=\"og:image:type\" content=\"image\/webp\" \/>\n<meta name=\"twitter:card\" content=\"summary_large_image\" \/>\n<meta name=\"twitter:label1\" content=\"Tiempo de lectura\" \/>\n\t<meta name=\"twitter:data1\" content=\"7 minutos\" \/>\n<script type=\"application\/ld+json\" class=\"yoast-schema-graph\">{\"@context\":\"https:\/\/schema.org\",\"@graph\":[{\"@type\":\"WebPage\",\"@id\":\"https:\/\/apartamentsager.com\/es\/congost-de-mont-rebei\/\",\"url\":\"https:\/\/apartamentsager.com\/es\/congost-de-mont-rebei\/\",\"name\":\"Congost de Mont-rebei | Apartaments l'Empalme d'\u00c0ger\",\"isPartOf\":{\"@id\":\"https:\/\/apartamentsager.com\/es\/#website\"},\"datePublished\":\"2025-01-07T16:23:55+00:00\",\"dateModified\":\"2025-01-09T11:37:06+00:00\",\"description\":\"El Congost de Mont-rebei, situado entre Lleida y Huesca, es uno de los paisajes m\u00e1s impresionantes de Catalu\u00f1a con vistas espectaculares.\",\"breadcrumb\":{\"@id\":\"https:\/\/apartamentsager.com\/es\/congost-de-mont-rebei\/#breadcrumb\"},\"inLanguage\":\"es\",\"potentialAction\":[{\"@type\":\"ReadAction\",\"target\":[\"https:\/\/apartamentsager.com\/es\/congost-de-mont-rebei\/\"]}]},{\"@type\":\"BreadcrumbList\",\"@id\":\"https:\/\/apartamentsager.com\/es\/congost-de-mont-rebei\/#breadcrumb\",\"itemListElement\":[{\"@type\":\"ListItem\",\"position\":1,\"name\":\"Portada\",\"item\":\"https:\/\/apartamentsager.com\/es\/\"},{\"@type\":\"ListItem\",\"position\":2,\"name\":\"Congost de Mont-rebei\"}]},{\"@type\":\"WebSite\",\"@id\":\"https:\/\/apartamentsager.com\/es\/#website\",\"url\":\"https:\/\/apartamentsager.com\/es\/\",\"name\":\"Apartaments Empalme \u00c0ger\",\"description\":\"Apartaments \u00c0ger | Apartamentos \u00c0ger | \u00c0ger Apartments\",\"publisher\":{\"@id\":\"https:\/\/apartamentsager.com\/es\/#organization\"},\"alternateName\":\"Apartaments \u00c0ger\",\"potentialAction\":[{\"@type\":\"SearchAction\",\"target\":{\"@type\":\"EntryPoint\",\"urlTemplate\":\"https:\/\/apartamentsager.com\/es\/?s={search_term_string}\"},\"query-input\":{\"@type\":\"PropertyValueSpecification\",\"valueRequired\":true,\"valueName\":\"search_term_string\"}}],\"inLanguage\":\"es\"},{\"@type\":\"Organization\",\"@id\":\"https:\/\/apartamentsager.com\/es\/#organization\",\"name\":\"Apartaments l'Empalme d'\u00c0ger\",\"alternateName\":\"Apartaments \u00c0ger | Apartamentos \u00c0ger | \u00c0ger Apartments\",\"url\":\"https:\/\/apartamentsager.com\/es\/\",\"logo\":{\"@type\":\"ImageObject\",\"inLanguage\":\"es\",\"@id\":\"https:\/\/apartamentsager.com\/es\/#\/schema\/logo\/image\/\",\"url\":\"https:\/\/apartamentsager.com\/wp-content\/uploads\/2025\/03\/logo_apartaments_empalme_ager.webp\",\"contentUrl\":\"https:\/\/apartamentsager.com\/wp-content\/uploads\/2025\/03\/logo_apartaments_empalme_ager.webp\",\"width\":305,\"height\":301,\"caption\":\"Apartaments l'Empalme d'\u00c0ger\"},\"image\":{\"@id\":\"https:\/\/apartamentsager.com\/es\/#\/schema\/logo\/image\/\"},\"sameAs\":[\"https:\/\/www.instagram.com\/apartaments.empalme.ager\/\"]}]}<\/script>\n<!-- \/ Yoast SEO plugin. -->","yoast_head_json":{"title":"Congost de Mont-rebei | Apartaments l'Empalme d'\u00c0ger","description":"El Congost de Mont-rebei, situado entre Lleida y Huesca, es uno de los paisajes m\u00e1s impresionantes de Catalu\u00f1a con vistas espectaculares.","robots":{"index":"index","follow":"follow","max-snippet":"max-snippet:-1","max-image-preview":"max-image-preview:large","max-video-preview":"max-video-preview:-1"},"canonical":"https:\/\/apartamentsager.com\/es\/congost-de-mont-rebei\/","og_locale":"es_ES","og_type":"article","og_title":"Congost de Mont-rebei | Apartaments l'Empalme d'\u00c0ger","og_description":"El Congost de Mont-rebei, situado entre Lleida y Huesca, es uno de los paisajes m\u00e1s impresionantes de Catalu\u00f1a con vistas espectaculares.","og_url":"https:\/\/apartamentsager.com\/es\/congost-de-mont-rebei\/","og_site_name":"Apartaments l&#039;Empalme d&#039;\u00c0ger","article_modified_time":"2025-01-09T11:37:06+00:00","og_image":[{"width":305,"height":301,"url":"https:\/\/apartamentsager.com\/wp-content\/uploads\/2025\/03\/logo_apartaments_empalme_ager.webp","type":"image\/webp"}],"twitter_card":"summary_large_image","twitter_misc":{"Tiempo de lectura":"7 minutos"},"schema":{"@context":"https:\/\/schema.org","@graph":[{"@type":"WebPage","@id":"https:\/\/apartamentsager.com\/es\/congost-de-mont-rebei\/","url":"https:\/\/apartamentsager.com\/es\/congost-de-mont-rebei\/","name":"Congost de Mont-rebei | Apartaments l'Empalme d'\u00c0ger","isPartOf":{"@id":"https:\/\/apartamentsager.com\/es\/#website"},"datePublished":"2025-01-07T16:23:55+00:00","dateModified":"2025-01-09T11:37:06+00:00","description":"El Congost de Mont-rebei, situado entre Lleida y Huesca, es uno de los paisajes m\u00e1s impresionantes de Catalu\u00f1a con vistas espectaculares.","breadcrumb":{"@id":"https:\/\/apartamentsager.com\/es\/congost-de-mont-rebei\/#breadcrumb"},"inLanguage":"es","potentialAction":[{"@type":"ReadAction","target":["https:\/\/apartamentsager.com\/es\/congost-de-mont-rebei\/"]}]},{"@type":"BreadcrumbList","@id":"https:\/\/apartamentsager.com\/es\/congost-de-mont-rebei\/#breadcrumb","itemListElement":[{"@type":"ListItem","position":1,"name":"Portada","item":"https:\/\/apartamentsager.com\/es\/"},{"@type":"ListItem","position":2,"name":"Congost de Mont-rebei"}]},{"@type":"WebSite","@id":"https:\/\/apartamentsager.com\/es\/#website","url":"https:\/\/apartamentsager.com\/es\/","name":"Apartaments Empalme \u00c0ger","description":"Apartaments \u00c0ger | Apartamentos \u00c0ger | \u00c0ger Apartments","publisher":{"@id":"https:\/\/apartamentsager.com\/es\/#organization"},"alternateName":"Apartaments \u00c0ger","potentialAction":[{"@type":"SearchAction","target":{"@type":"EntryPoint","urlTemplate":"https:\/\/apartamentsager.com\/es\/?s={search_term_string}"},"query-input":{"@type":"PropertyValueSpecification","valueRequired":true,"valueName":"search_term_string"}}],"inLanguage":"es"},{"@type":"Organization","@id":"https:\/\/apartamentsager.com\/es\/#organization","name":"Apartaments l'Empalme d'\u00c0ger","alternateName":"Apartaments \u00c0ger | Apartamentos \u00c0ger | \u00c0ger Apartments","url":"https:\/\/apartamentsager.com\/es\/","logo":{"@type":"ImageObject","inLanguage":"es","@id":"https:\/\/apartamentsager.com\/es\/#\/schema\/logo\/image\/","url":"https:\/\/apartamentsager.com\/wp-content\/uploads\/2025\/03\/logo_apartaments_empalme_ager.webp","contentUrl":"https:\/\/apartamentsager.com\/wp-content\/uploads\/2025\/03\/logo_apartaments_empalme_ager.webp","width":305,"height":301,"caption":"Apartaments l'Empalme d'\u00c0ger"},"image":{"@id":"https:\/\/apartamentsager.com\/es\/#\/schema\/logo\/image\/"},"sameAs":["https:\/\/www.instagram.com\/apartaments.empalme.ager\/"]}]}},"_links":{"self":[{"href":"https:\/\/apartamentsager.com\/es\/wp-json\/wp\/v2\/pages\/1784","targetHints":{"allow":["GET"]}}],"collection":[{"href":"https:\/\/apartamentsager.com\/es\/wp-json\/wp\/v2\/pages"}],"about":[{"href":"https:\/\/apartamentsager.com\/es\/wp-json\/wp\/v2\/types\/page"}],"author":[{"embeddable":true,"href":"https:\/\/apartamentsager.com\/es\/wp-json\/wp\/v2\/users\/1"}],"replies":[{"embeddable":true,"href":"https:\/\/apartamentsager.com\/es\/wp-json\/wp\/v2\/comments?post=1784"}],"version-history":[{"count":2,"href":"https:\/\/apartamentsager.com\/es\/wp-json\/wp\/v2\/pages\/1784\/revisions"}],"predecessor-version":[{"id":1786,"href":"https:\/\/apartamentsager.com\/es\/wp-json\/wp\/v2\/pages\/1784\/revisions\/1786"}],"wp:attachment":[{"href":"https:\/\/apartamentsager.com\/es\/wp-json\/wp\/v2\/media?parent=1784"}],"curies":[{"name":"wp","href":"https:\/\/api.w.org\/{rel}","templated":true}]}}