{"id":1974,"date":"2026-01-13T11:15:11","date_gmt":"2026-01-13T10:15:11","guid":{"rendered":"https:\/\/apartamentsager.com\/faqs-preguntas-frecuentes\/"},"modified":"2026-02-13T09:52:25","modified_gmt":"2026-02-13T08:52:25","slug":"faqs","status":"publish","type":"page","link":"https:\/\/apartamentsager.com\/es\/faqs\/","title":{"rendered":"FAQ&#8217;s | Preguntas Frecuentes"},"content":{"rendered":"<div class=\"fusion-fullwidth fullwidth-box fusion-builder-row-1 fusion-flex-container nonhundred-percent-fullwidth non-hundred-percent-height-scrolling\" style=\"--awb-border-sizes-top:0px;--awb-border-sizes-bottom:0px;--awb-border-sizes-left:0px;--awb-border-sizes-right:0px;--awb-border-radius-top-left:0px;--awb-border-radius-top-right:0px;--awb-border-radius-bottom-right:0px;--awb-border-radius-bottom-left:0px;--awb-padding-top:0px;--awb-padding-bottom:40px;--awb-background-color:#ffffff;--awb-flex-wrap:wrap;\" ><div class=\"fusion-builder-row fusion-row fusion-flex-align-items-flex-start fusion-flex-content-wrap\" style=\"max-width:1216.8px;margin-left: calc(-4% \/ 2 );margin-right: calc(-4% \/ 2 );\"><div class=\"fusion-layout-column fusion_builder_column fusion-builder-column-0 fusion_builder_column_1_1 1_1 fusion-flex-column\" style=\"--awb-padding-top:30px;--awb-padding-right:30px;--awb-padding-bottom:30px;--awb-padding-left:30px;--awb-padding-top-small:0px;--awb-padding-bottom-small:0px;--awb-bg-color:#f9f9f9;--awb-bg-color-hover:#f9f9f9;--awb-bg-size:cover;--awb-border-color:#e0e0e0;--awb-border-style:solid;--awb-width-large:100%;--awb-margin-top-large:0px;--awb-spacing-right-large:1.92%;--awb-margin-bottom-large:0px;--awb-spacing-left-large:1.92%;--awb-width-medium:100%;--awb-spacing-right-medium:1.92%;--awb-spacing-left-medium:1.92%;--awb-width-small:100%;--awb-spacing-right-small:1.92%;--awb-spacing-left-small:1.92%;\"><div class=\"fusion-column-wrapper fusion-flex-justify-content-flex-start fusion-content-layout-column\"><div class=\"fusion-title title fusion-title-1 fusion-sep-none fusion-title-text fusion-title-size-two\" style=\"--awb-margin-top-small:0px;\"><h2 class=\"fusion-title-heading title-heading-left fusion-responsive-typography-calculated\" style=\"margin:0;text-transform:capitalize;--fontSize:60;line-height:var(--awb-typography1-line-height);\"><p style=\"text-align: left;\">PREGUNTAS FRECUENTES<\/p><\/h2><\/div><div class=\"fusion-separator fusion-full-width-sep\" style=\"align-self: center;margin-left: auto;margin-right: auto;margin-top:40px;width:100%;\"><\/div><\/div><\/div><div class=\"fusion-layout-column fusion_builder_column fusion-builder-column-1 fusion_builder_column_1_1 1_1 fusion-flex-column\" style=\"--awb-padding-right:15px;--awb-padding-left:16px;--awb-bg-color:#f9f9f9;--awb-bg-color-hover:#f9f9f9;--awb-bg-blend:overlay;--awb-bg-size:cover;--awb-width-large:100%;--awb-margin-top-large:0px;--awb-spacing-right-large:1.92%;--awb-margin-bottom-large:0px;--awb-spacing-left-large:1.92%;--awb-width-medium:100%;--awb-spacing-right-medium:1.92%;--awb-spacing-left-medium:1.92%;--awb-width-small:100%;--awb-spacing-right-small:1.92%;--awb-spacing-left-small:1.92%;\"><div class=\"fusion-column-wrapper fusion-flex-justify-content-space-between fusion-content-layout-column\"><div class=\"fusion-tabs fusion-tabs-1 classic vertical-tabs icon-position-left mobile-mode-accordion\" style=\"--awb-title-border-radius-top-left:0px;--awb-title-border-radius-top-right:0px;--awb-title-border-radius-bottom-right:0px;--awb-title-border-radius-bottom-left:0px;--awb-alignment:start;--awb-inactive-color:var(--awb-color5);--awb-background-color:var(--awb-color1);--awb-border-color:var(--awb-color3);--awb-active-border-color:var(--awb-color5);\"><div class=\"nav\"><ul class=\"nav-tabs\" role=\"tablist\"><li class=\"active\" role=\"presentation\"><a class=\"tab-link\" data-toggle=\"tab\" role=\"tab\" aria-controls=\"tab-1b89c0f915b70ff28fb\" aria-selected=\"true\" id=\"fusion-tab-aireacondicionado(fr\u00cdo)\" href=\"#tab-1b89c0f915b70ff28fb\"><h4 class=\"fusion-tab-heading\"><i class=\"fontawesome-icon fa-fan fas\" aria-hidden=\"true\" style=\"font-size:30px;\"><\/i>AIRE ACONDICIONADO (FR\u00cdO)<\/h4><\/a><\/li><li role=\"presentation\"><a class=\"tab-link\" data-toggle=\"tab\" role=\"tab\" aria-controls=\"tab-0a1c6415c56962841d2\" aria-selected=\"false\" tabindex=\"-1\" id=\"fusion-tab-bombadecalor(calefacci\u00d3n)\" href=\"#tab-0a1c6415c56962841d2\"><h4 class=\"fusion-tab-heading\"><i class=\"fontawesome-icon fa-dumpster-fire fas\" aria-hidden=\"true\" style=\"font-size:30px;\"><\/i>BOMBA DE CALOR (CALEFACCI\u00d3N)<\/h4><\/a><\/li><li role=\"presentation\"><a class=\"tab-link\" data-toggle=\"tab\" role=\"tab\" aria-controls=\"tab-f7d1342e84c4600e2a7\" aria-selected=\"false\" tabindex=\"-1\" id=\"fusion-tab-radiador(pared)\" href=\"#tab-f7d1342e84c4600e2a7\"><h4 class=\"fusion-tab-heading\"><i class=\"fontawesome-icon fa-hot-tub fas\" aria-hidden=\"true\" style=\"font-size:30px;\"><\/i>RADIADOR (PARED)<\/h4><\/a><\/li><li role=\"presentation\"><a class=\"tab-link\" data-toggle=\"tab\" role=\"tab\" aria-controls=\"tab-7e858528eabff3e3b4e\" aria-selected=\"false\" tabindex=\"-1\" id=\"fusion-tab-radiador(pared)(turbo)\" href=\"#tab-7e858528eabff3e3b4e\"><h4 class=\"fusion-tab-heading\"><i class=\"fontawesome-icon fa-hot-tub fas\" aria-hidden=\"true\" style=\"font-size:30px;\"><\/i>RADIADOR (PARED) (TURBO)<\/h4><\/a><\/li><li role=\"presentation\"><a class=\"tab-link\" data-toggle=\"tab\" role=\"tab\" aria-controls=\"tab-693f17a3235974da03f\" aria-selected=\"false\" tabindex=\"-1\" id=\"fusion-tab-radiador(roditas)\" href=\"#tab-693f17a3235974da03f\"><h4 class=\"fusion-tab-heading\"><i class=\"fontawesome-icon fa-hot-tub fas\" aria-hidden=\"true\" style=\"font-size:30px;\"><\/i>RADIADOR (RODITAS)<\/h4><\/a><\/li><li role=\"presentation\"><a class=\"tab-link\" data-toggle=\"tab\" role=\"tab\" aria-controls=\"tab-2c57edd9a2bd86b0e62\" aria-selected=\"false\" tabindex=\"-1\" id=\"fusion-tab-radiador(rodetes)(turbo)\" href=\"#tab-2c57edd9a2bd86b0e62\"><h4 class=\"fusion-tab-heading\"><i class=\"fontawesome-icon fa-hot-tub fas\" aria-hidden=\"true\" style=\"font-size:30px;\"><\/i>RADIADOR (RODETES) (TURBO)<\/h4><\/a><\/li><li role=\"presentation\"><a class=\"tab-link\" data-toggle=\"tab\" role=\"tab\" aria-controls=\"tab-49c15dbb375f9dbd823\" aria-selected=\"false\" tabindex=\"-1\" id=\"fusion-tab-calientadoragua\" href=\"#tab-49c15dbb375f9dbd823\"><h4 class=\"fusion-tab-heading\"><i class=\"fontawesome-icon fa-shower fas\" aria-hidden=\"true\" style=\"font-size:30px;\"><\/i>CALIENTADOR AGUA<\/h4><\/a><\/li><li role=\"presentation\"><a class=\"tab-link\" data-toggle=\"tab\" role=\"tab\" aria-controls=\"tab-b45d17a97b93b1bf489\" aria-selected=\"false\" tabindex=\"-1\" id=\"fusion-tab-nevera\/congelador\" href=\"#tab-b45d17a97b93b1bf489\"><h4 class=\"fusion-tab-heading\"><i class=\"fontawesome-icon fa-temperature-low fas\" aria-hidden=\"true\" style=\"font-size:30px;\"><\/i>NEVERA\/CONGELADOR<\/h4><\/a><\/li><li role=\"presentation\"><a class=\"tab-link\" data-toggle=\"tab\" role=\"tab\" aria-controls=\"tab-dbf282770dadc2d4cef\" aria-selected=\"false\" tabindex=\"-1\" id=\"fusion-tab-pasodeluz(diferenciales)\" href=\"#tab-dbf282770dadc2d4cef\"><h4 class=\"fusion-tab-heading\"><i class=\"fontawesome-icon fa-bolt fas\" aria-hidden=\"true\" style=\"font-size:30px;\"><\/i>PASO DE LUZ (DIFERENCIALES)<\/h4><\/a><\/li><\/ul><\/div><div class=\"tab-content\"><div class=\"nav fusion-mobile-tab-nav\"><ul class=\"nav-tabs\" role=\"tablist\"><li class=\"active\" role=\"presentation\"><a class=\"tab-link\" data-toggle=\"tab\" role=\"tab\" aria-controls=\"tab-1b89c0f915b70ff28fb\" aria-selected=\"true\" id=\"mobile-fusion-tab-aireacondicionado(fr\u00cdo)\" href=\"#tab-1b89c0f915b70ff28fb\"><h4 class=\"fusion-tab-heading\"><i class=\"fontawesome-icon fa-fan fas\" aria-hidden=\"true\" style=\"font-size:30px;\"><\/i>AIRE ACONDICIONADO (FR\u00cdO)<\/h4><\/a><\/li><\/ul><\/div><div class=\"tab-pane fade fusion-clearfix in active\" role=\"tabpanel\" tabindex=\"0\" aria-labelledby=\"fusion-tab-aireacondicionado(fr\u00cdo)\" id=\"tab-1b89c0f915b70ff28fb\"><div class=\"fusion-video fusion-youtube fusion-aligncenter\" style=\"--awb-max-width:299px;--awb-max-height:533px;--awb-width:100%;\"><div class=\"video-shortcode\"><lite-youtube videoid=\"dahyyaLK0aY\" class=\"portrait\" params=\"wmode=transparent&autoplay=1loop=true&mute=1&enablejsapi=1\" title=\"YouTube video player 1\" width=\"299\" height=\"533\"><\/lite-youtube><\/div><\/div><\/div><div class=\"nav fusion-mobile-tab-nav\"><ul class=\"nav-tabs\" role=\"tablist\"><li role=\"presentation\"><a class=\"tab-link\" data-toggle=\"tab\" role=\"tab\" aria-controls=\"tab-0a1c6415c56962841d2\" aria-selected=\"false\" tabindex=\"-1\" id=\"mobile-fusion-tab-bombadecalor(calefacci\u00d3n)\" href=\"#tab-0a1c6415c56962841d2\"><h4 class=\"fusion-tab-heading\"><i class=\"fontawesome-icon fa-dumpster-fire fas\" aria-hidden=\"true\" style=\"font-size:30px;\"><\/i>BOMBA DE CALOR (CALEFACCI\u00d3N)<\/h4><\/a><\/li><\/ul><\/div><div class=\"tab-pane fade fusion-clearfix\" role=\"tabpanel\" tabindex=\"0\" aria-labelledby=\"fusion-tab-bombadecalor(calefacci\u00d3n)\" id=\"tab-0a1c6415c56962841d2\">\n<p style=\"text-align: center;\"><div class=\"fusion-video fusion-youtube fusion-aligncenter\" style=\"--awb-max-width:299px;--awb-max-height:533px;--awb-width:100%;\"><div class=\"video-shortcode\"><lite-youtube videoid=\"cnRuEAnLJyU\" class=\"portrait\" params=\"wmode=transparent&autoplay=1loop=true&mute=1&enablejsapi=1\" title=\"YouTube video player 2\" width=\"299\" height=\"533\"><\/lite-youtube><\/div><\/div><\/div><div class=\"nav fusion-mobile-tab-nav\"><ul class=\"nav-tabs\" role=\"tablist\"><li role=\"presentation\"><a class=\"tab-link\" data-toggle=\"tab\" role=\"tab\" aria-controls=\"tab-f7d1342e84c4600e2a7\" aria-selected=\"false\" tabindex=\"-1\" id=\"mobile-fusion-tab-radiador(pared)\" href=\"#tab-f7d1342e84c4600e2a7\"><h4 class=\"fusion-tab-heading\"><i class=\"fontawesome-icon fa-hot-tub fas\" aria-hidden=\"true\" style=\"font-size:30px;\"><\/i>RADIADOR (PARED)<\/h4><\/a><\/li><\/ul><\/div><div class=\"tab-pane fade fusion-clearfix\" role=\"tabpanel\" tabindex=\"0\" aria-labelledby=\"fusion-tab-radiador(pared)\" id=\"tab-f7d1342e84c4600e2a7\">\n<p style=\"text-align: center;\"><div class=\"fusion-video fusion-youtube fusion-aligncenter\" style=\"--awb-max-width:299px;--awb-max-height:533px;--awb-width:100%;\"><div class=\"video-shortcode\"><lite-youtube videoid=\"NzIcgRjQKj4\" class=\"portrait\" params=\"wmode=transparent&autoplay=1loop=true&mute=1&enablejsapi=1\" title=\"YouTube video player 3\" width=\"299\" height=\"533\"><\/lite-youtube><\/div><\/div><\/div><div class=\"nav fusion-mobile-tab-nav\"><ul class=\"nav-tabs\" role=\"tablist\"><li role=\"presentation\"><a class=\"tab-link\" data-toggle=\"tab\" role=\"tab\" aria-controls=\"tab-7e858528eabff3e3b4e\" aria-selected=\"false\" tabindex=\"-1\" id=\"mobile-fusion-tab-radiador(pared)(turbo)\" href=\"#tab-7e858528eabff3e3b4e\"><h4 class=\"fusion-tab-heading\"><i class=\"fontawesome-icon fa-hot-tub fas\" aria-hidden=\"true\" style=\"font-size:30px;\"><\/i>RADIADOR (PARED) (TURBO)<\/h4><\/a><\/li><\/ul><\/div><div class=\"tab-pane fade fusion-clearfix\" role=\"tabpanel\" tabindex=\"0\" aria-labelledby=\"fusion-tab-radiador(pared)(turbo)\" id=\"tab-7e858528eabff3e3b4e\">\n<p style=\"text-align: center;\"><div class=\"fusion-video fusion-youtube fusion-aligncenter\" style=\"--awb-max-width:299px;--awb-max-height:533px;--awb-width:100%;\"><div class=\"video-shortcode\"><lite-youtube videoid=\"MsW4tR8o7cM\" class=\"portrait\" params=\"wmode=transparent&autoplay=1loop=true&mute=1&enablejsapi=1\" title=\"YouTube video player 4\" width=\"299\" height=\"533\"><\/lite-youtube><\/div><\/div><\/div><div class=\"nav fusion-mobile-tab-nav\"><ul class=\"nav-tabs\" role=\"tablist\"><li role=\"presentation\"><a class=\"tab-link\" data-toggle=\"tab\" role=\"tab\" aria-controls=\"tab-693f17a3235974da03f\" aria-selected=\"false\" tabindex=\"-1\" id=\"mobile-fusion-tab-radiador(roditas)\" href=\"#tab-693f17a3235974da03f\"><h4 class=\"fusion-tab-heading\"><i class=\"fontawesome-icon fa-hot-tub fas\" aria-hidden=\"true\" style=\"font-size:30px;\"><\/i>RADIADOR (RODITAS)<\/h4><\/a><\/li><\/ul><\/div><div class=\"tab-pane fade fusion-clearfix\" role=\"tabpanel\" tabindex=\"0\" aria-labelledby=\"fusion-tab-radiador(roditas)\" id=\"tab-693f17a3235974da03f\">\n<p style=\"text-align: center;\"><div class=\"fusion-video fusion-youtube fusion-aligncenter\" style=\"--awb-max-width:299px;--awb-max-height:533px;--awb-width:100%;\"><div class=\"video-shortcode\"><lite-youtube videoid=\"QxtlF9klhpY\" class=\"portrait\" params=\"wmode=transparent&autoplay=1loop=true&mute=1&enablejsapi=1\" title=\"YouTube video player 5\" width=\"299\" height=\"533\"><\/lite-youtube><\/div><\/div><\/div><div class=\"nav fusion-mobile-tab-nav\"><ul class=\"nav-tabs\" role=\"tablist\"><li role=\"presentation\"><a class=\"tab-link\" data-toggle=\"tab\" role=\"tab\" aria-controls=\"tab-2c57edd9a2bd86b0e62\" aria-selected=\"false\" tabindex=\"-1\" id=\"mobile-fusion-tab-radiador(rodetes)(turbo)\" href=\"#tab-2c57edd9a2bd86b0e62\"><h4 class=\"fusion-tab-heading\"><i class=\"fontawesome-icon fa-hot-tub fas\" aria-hidden=\"true\" style=\"font-size:30px;\"><\/i>RADIADOR (RODETES) (TURBO)<\/h4><\/a><\/li><\/ul><\/div><div class=\"tab-pane fade fusion-clearfix\" role=\"tabpanel\" tabindex=\"0\" aria-labelledby=\"fusion-tab-radiador(rodetes)(turbo)\" id=\"tab-2c57edd9a2bd86b0e62\">\n<p style=\"text-align: center;\"><div class=\"fusion-video fusion-youtube fusion-aligncenter\" style=\"--awb-max-width:299px;--awb-max-height:533px;--awb-width:100%;\"><div class=\"video-shortcode\"><lite-youtube videoid=\"_CypkSQeo14\" class=\"portrait\" params=\"wmode=transparent&autoplay=1loop=true&mute=1&enablejsapi=1\" title=\"YouTube video player 6\" width=\"299\" height=\"533\"><\/lite-youtube><\/div><\/div><\/div><div class=\"nav fusion-mobile-tab-nav\"><ul class=\"nav-tabs\" role=\"tablist\"><li role=\"presentation\"><a class=\"tab-link\" data-toggle=\"tab\" role=\"tab\" aria-controls=\"tab-49c15dbb375f9dbd823\" aria-selected=\"false\" tabindex=\"-1\" id=\"mobile-fusion-tab-calientadoragua\" href=\"#tab-49c15dbb375f9dbd823\"><h4 class=\"fusion-tab-heading\"><i class=\"fontawesome-icon fa-shower fas\" aria-hidden=\"true\" style=\"font-size:30px;\"><\/i>CALIENTADOR AGUA<\/h4><\/a><\/li><\/ul><\/div><div class=\"tab-pane fade fusion-clearfix\" role=\"tabpanel\" tabindex=\"0\" aria-labelledby=\"fusion-tab-calientadoragua\" id=\"tab-49c15dbb375f9dbd823\">\n<p style=\"text-align: center;\"><div class=\"fusion-video fusion-youtube fusion-aligncenter\" style=\"--awb-max-width:299px;--awb-max-height:533px;--awb-width:100%;\"><div class=\"video-shortcode\"><lite-youtube videoid=\"i9LyqWUz_ac\" class=\"portrait\" params=\"wmode=transparent&autoplay=1loop=true&mute=1&enablejsapi=1\" title=\"YouTube video player 7\" width=\"299\" height=\"533\"><\/lite-youtube><\/div><\/div><\/div><div class=\"nav fusion-mobile-tab-nav\"><ul class=\"nav-tabs\" role=\"tablist\"><li role=\"presentation\"><a class=\"tab-link\" data-toggle=\"tab\" role=\"tab\" aria-controls=\"tab-b45d17a97b93b1bf489\" aria-selected=\"false\" tabindex=\"-1\" id=\"mobile-fusion-tab-nevera\/congelador\" href=\"#tab-b45d17a97b93b1bf489\"><h4 class=\"fusion-tab-heading\"><i class=\"fontawesome-icon fa-temperature-low fas\" aria-hidden=\"true\" style=\"font-size:30px;\"><\/i>NEVERA\/CONGELADOR<\/h4><\/a><\/li><\/ul><\/div><div class=\"tab-pane fade fusion-clearfix\" role=\"tabpanel\" tabindex=\"0\" aria-labelledby=\"fusion-tab-nevera\/congelador\" id=\"tab-b45d17a97b93b1bf489\">\n<p style=\"text-align: center;\"><div class=\"fusion-video fusion-youtube fusion-aligncenter\" style=\"--awb-max-width:299px;--awb-max-height:533px;--awb-width:100%;\"><div class=\"video-shortcode\"><lite-youtube videoid=\"cSij7M8MYjU\" class=\"portrait\" params=\"wmode=transparent&autoplay=1loop=true&mute=1&enablejsapi=1\" title=\"YouTube video player 8\" width=\"299\" height=\"533\"><\/lite-youtube><\/div><\/div><\/div><div class=\"nav fusion-mobile-tab-nav\"><ul class=\"nav-tabs\" role=\"tablist\"><li role=\"presentation\"><a class=\"tab-link\" data-toggle=\"tab\" role=\"tab\" aria-controls=\"tab-dbf282770dadc2d4cef\" aria-selected=\"false\" tabindex=\"-1\" id=\"mobile-fusion-tab-pasodeluz(diferenciales)\" href=\"#tab-dbf282770dadc2d4cef\"><h4 class=\"fusion-tab-heading\"><i class=\"fontawesome-icon fa-bolt fas\" aria-hidden=\"true\" style=\"font-size:30px;\"><\/i>PASO DE LUZ (DIFERENCIALES)<\/h4><\/a><\/li><\/ul><\/div><div class=\"tab-pane fade fusion-clearfix\" role=\"tabpanel\" tabindex=\"0\" aria-labelledby=\"fusion-tab-pasodeluz(diferenciales)\" id=\"tab-dbf282770dadc2d4cef\">\n<p style=\"text-align: center;\"><div class=\"fusion-video fusion-youtube fusion-aligncenter\" style=\"--awb-max-width:299px;--awb-max-height:533px;--awb-width:100%;\"><div class=\"video-shortcode\"><lite-youtube videoid=\"kZIcBxYMO2Y\" class=\"portrait\" params=\"wmode=transparent&autoplay=1loop=true&mute=1&enablejsapi=1\" title=\"YouTube video player 9\" width=\"299\" height=\"533\"><\/lite-youtube><\/div><\/div><\/div><\/div><\/div><\/div><\/div><div class=\"fusion-layout-column fusion_builder_column fusion-builder-column-2 fusion_builder_column_1_1 1_1 fusion-flex-column\" style=\"--awb-padding-top:40px;--awb-bg-blend:overlay;--awb-bg-size:cover;--awb-width-large:100%;--awb-margin-top-large:0px;--awb-spacing-right-large:1.92%;--awb-margin-bottom-large:0px;--awb-spacing-left-large:1.92%;--awb-width-medium:100%;--awb-spacing-right-medium:1.92%;--awb-spacing-left-medium:1.92%;--awb-width-small:100%;--awb-spacing-right-small:1.92%;--awb-spacing-left-small:1.92%;\"><div class=\"fusion-column-wrapper fusion-flex-justify-content-flex-start fusion-content-layout-column\"><div class=\"fusion-alert alert notice alert-warning fusion-alert-center fusion-alert-capitalize awb-alert-native-link-color alert-dismissable awb-alert-close-boxed\" role=\"alert\"><div class=\"fusion-alert-content-wrapper\"><span class=\"alert-icon\"><i class=\"awb-icon-cog\" aria-hidden=\"true\"><\/i><\/span><span class=\"fusion-alert-content\">Si tiene cualquier problema con el acceso, ll\u00e1menos al <a href=\"tel:+34615989796\">+34 615 98 97 96<\/a> O <a href=\"tel:636678840\">+34 636 67 88 40<\/a> .<\/span><\/div><button type=\"button\" class=\"close toggle-alert\" data-dismiss=\"alert\" aria-label=\"Close\">&times;<\/button><\/div><\/div><\/div><\/div><\/div>\n","protected":false},"excerpt":{"rendered":"","protected":false},"author":1,"featured_media":0,"parent":0,"menu_order":0,"comment_status":"closed","ping_status":"closed","template":"","meta":{"_joinchat":[],"footnotes":""},"class_list":["post-1974","page","type-page","status-publish","hentry"],"yoast_head":"<!-- This site is optimized with the Yoast SEO plugin v26.7 - https:\/\/yoast.com\/wordpress\/plugins\/seo\/ -->\n<title>FAQ&#039;s | Preguntas Frecuentes - Apartaments l&#039;Empalme d&#039;\u00c0ger<\/title>\n<meta name=\"robots\" content=\"noindex, nofollow\" \/>\n<meta property=\"og:locale\" content=\"es_ES\" \/>\n<meta property=\"og:type\" content=\"article\" \/>\n<meta property=\"og:title\" content=\"FAQ&#039;s | Preguntas Frecuentes - Apartaments l&#039;Empalme d&#039;\u00c0ger\" \/>\n<meta property=\"og:url\" content=\"https:\/\/apartamentsager.com\/es\/faqs\/\" \/>\n<meta property=\"og:site_name\" content=\"Apartaments l&#039;Empalme d&#039;\u00c0ger\" \/>\n<meta property=\"article:modified_time\" content=\"2026-02-13T08:52:25+00:00\" \/>\n<meta property=\"og:image\" content=\"https:\/\/apartamentsager.com\/wp-content\/uploads\/2025\/03\/logo_apartaments_empalme_ager.webp\" \/>\n\t<meta property=\"og:image:width\" content=\"305\" \/>\n\t<meta property=\"og:image:height\" content=\"301\" \/>\n\t<meta property=\"og:image:type\" content=\"image\/webp\" \/>\n<meta name=\"twitter:card\" content=\"summary_large_image\" \/>\n<meta name=\"twitter:label1\" content=\"Tiempo de lectura\" \/>\n\t<meta name=\"twitter:data1\" content=\"1 minuto\" \/>\n<script type=\"application\/ld+json\" class=\"yoast-schema-graph\">{\"@context\":\"https:\/\/schema.org\",\"@graph\":[{\"@type\":\"WebPage\",\"@id\":\"https:\/\/apartamentsager.com\/es\/faqs\/\",\"url\":\"https:\/\/apartamentsager.com\/es\/faqs\/\",\"name\":\"FAQ's | Preguntas Frecuentes - Apartaments l&#039;Empalme d&#039;\u00c0ger\",\"isPartOf\":{\"@id\":\"https:\/\/apartamentsager.com\/es\/#website\"},\"datePublished\":\"2026-01-13T10:15:11+00:00\",\"dateModified\":\"2026-02-13T08:52:25+00:00\",\"breadcrumb\":{\"@id\":\"https:\/\/apartamentsager.com\/es\/faqs\/#breadcrumb\"},\"inLanguage\":\"es\",\"potentialAction\":[{\"@type\":\"ReadAction\",\"target\":[\"https:\/\/apartamentsager.com\/es\/faqs\/\"]}]},{\"@type\":\"BreadcrumbList\",\"@id\":\"https:\/\/apartamentsager.com\/es\/faqs\/#breadcrumb\",\"itemListElement\":[{\"@type\":\"ListItem\",\"position\":1,\"name\":\"Portada\",\"item\":\"https:\/\/apartamentsager.com\/es\/\"},{\"@type\":\"ListItem\",\"position\":2,\"name\":\"FAQ&#8217;s | Preguntas Frecuentes\"}]},{\"@type\":\"WebSite\",\"@id\":\"https:\/\/apartamentsager.com\/es\/#website\",\"url\":\"https:\/\/apartamentsager.com\/es\/\",\"name\":\"Apartaments Empalme \u00c0ger\",\"description\":\"Apartaments \u00c0ger | Apartamentos \u00c0ger | \u00c0ger Apartments\",\"publisher\":{\"@id\":\"https:\/\/apartamentsager.com\/es\/#organization\"},\"alternateName\":\"Apartaments \u00c0ger\",\"potentialAction\":[{\"@type\":\"SearchAction\",\"target\":{\"@type\":\"EntryPoint\",\"urlTemplate\":\"https:\/\/apartamentsager.com\/es\/?s={search_term_string}\"},\"query-input\":{\"@type\":\"PropertyValueSpecification\",\"valueRequired\":true,\"valueName\":\"search_term_string\"}}],\"inLanguage\":\"es\"},{\"@type\":\"Organization\",\"@id\":\"https:\/\/apartamentsager.com\/es\/#organization\",\"name\":\"Apartaments l'Empalme d'\u00c0ger\",\"alternateName\":\"Apartaments \u00c0ger | Apartamentos \u00c0ger | \u00c0ger Apartments\",\"url\":\"https:\/\/apartamentsager.com\/es\/\",\"logo\":{\"@type\":\"ImageObject\",\"inLanguage\":\"es\",\"@id\":\"https:\/\/apartamentsager.com\/es\/#\/schema\/logo\/image\/\",\"url\":\"https:\/\/apartamentsager.com\/wp-content\/uploads\/2025\/03\/logo_apartaments_empalme_ager.webp\",\"contentUrl\":\"https:\/\/apartamentsager.com\/wp-content\/uploads\/2025\/03\/logo_apartaments_empalme_ager.webp\",\"width\":305,\"height\":301,\"caption\":\"Apartaments l'Empalme d'\u00c0ger\"},\"image\":{\"@id\":\"https:\/\/apartamentsager.com\/es\/#\/schema\/logo\/image\/\"},\"sameAs\":[\"https:\/\/www.instagram.com\/apartaments.empalme.ager\/\"]}]}<\/script>\n<!-- \/ Yoast SEO plugin. -->","yoast_head_json":{"title":"FAQ's | Preguntas Frecuentes - Apartaments l&#039;Empalme d&#039;\u00c0ger","robots":{"index":"noindex","follow":"nofollow"},"og_locale":"es_ES","og_type":"article","og_title":"FAQ's | Preguntas Frecuentes - Apartaments l&#039;Empalme d&#039;\u00c0ger","og_url":"https:\/\/apartamentsager.com\/es\/faqs\/","og_site_name":"Apartaments l&#039;Empalme d&#039;\u00c0ger","article_modified_time":"2026-02-13T08:52:25+00:00","og_image":[{"width":305,"height":301,"url":"https:\/\/apartamentsager.com\/wp-content\/uploads\/2025\/03\/logo_apartaments_empalme_ager.webp","type":"image\/webp"}],"twitter_card":"summary_large_image","twitter_misc":{"Tiempo de lectura":"1 minuto"},"schema":{"@context":"https:\/\/schema.org","@graph":[{"@type":"WebPage","@id":"https:\/\/apartamentsager.com\/es\/faqs\/","url":"https:\/\/apartamentsager.com\/es\/faqs\/","name":"FAQ's | Preguntas Frecuentes - Apartaments l&#039;Empalme d&#039;\u00c0ger","isPartOf":{"@id":"https:\/\/apartamentsager.com\/es\/#website"},"datePublished":"2026-01-13T10:15:11+00:00","dateModified":"2026-02-13T08:52:25+00:00","breadcrumb":{"@id":"https:\/\/apartamentsager.com\/es\/faqs\/#breadcrumb"},"inLanguage":"es","potentialAction":[{"@type":"ReadAction","target":["https:\/\/apartamentsager.com\/es\/faqs\/"]}]},{"@type":"BreadcrumbList","@id":"https:\/\/apartamentsager.com\/es\/faqs\/#breadcrumb","itemListElement":[{"@type":"ListItem","position":1,"name":"Portada","item":"https:\/\/apartamentsager.com\/es\/"},{"@type":"ListItem","position":2,"name":"FAQ&#8217;s | Preguntas Frecuentes"}]},{"@type":"WebSite","@id":"https:\/\/apartamentsager.com\/es\/#website","url":"https:\/\/apartamentsager.com\/es\/","name":"Apartaments Empalme \u00c0ger","description":"Apartaments \u00c0ger | Apartamentos \u00c0ger | \u00c0ger Apartments","publisher":{"@id":"https:\/\/apartamentsager.com\/es\/#organization"},"alternateName":"Apartaments \u00c0ger","potentialAction":[{"@type":"SearchAction","target":{"@type":"EntryPoint","urlTemplate":"https:\/\/apartamentsager.com\/es\/?s={search_term_string}"},"query-input":{"@type":"PropertyValueSpecification","valueRequired":true,"valueName":"search_term_string"}}],"inLanguage":"es"},{"@type":"Organization","@id":"https:\/\/apartamentsager.com\/es\/#organization","name":"Apartaments l'Empalme d'\u00c0ger","alternateName":"Apartaments \u00c0ger | Apartamentos \u00c0ger | \u00c0ger Apartments","url":"https:\/\/apartamentsager.com\/es\/","logo":{"@type":"ImageObject","inLanguage":"es","@id":"https:\/\/apartamentsager.com\/es\/#\/schema\/logo\/image\/","url":"https:\/\/apartamentsager.com\/wp-content\/uploads\/2025\/03\/logo_apartaments_empalme_ager.webp","contentUrl":"https:\/\/apartamentsager.com\/wp-content\/uploads\/2025\/03\/logo_apartaments_empalme_ager.webp","width":305,"height":301,"caption":"Apartaments l'Empalme d'\u00c0ger"},"image":{"@id":"https:\/\/apartamentsager.com\/es\/#\/schema\/logo\/image\/"},"sameAs":["https:\/\/www.instagram.com\/apartaments.empalme.ager\/"]}]}},"_links":{"self":[{"href":"https:\/\/apartamentsager.com\/es\/wp-json\/wp\/v2\/pages\/1974","targetHints":{"allow":["GET"]}}],"collection":[{"href":"https:\/\/apartamentsager.com\/es\/wp-json\/wp\/v2\/pages"}],"about":[{"href":"https:\/\/apartamentsager.com\/es\/wp-json\/wp\/v2\/types\/page"}],"author":[{"embeddable":true,"href":"https:\/\/apartamentsager.com\/es\/wp-json\/wp\/v2\/users\/1"}],"replies":[{"embeddable":true,"href":"https:\/\/apartamentsager.com\/es\/wp-json\/wp\/v2\/comments?post=1974"}],"version-history":[{"count":3,"href":"https:\/\/apartamentsager.com\/es\/wp-json\/wp\/v2\/pages\/1974\/revisions"}],"predecessor-version":[{"id":1999,"href":"https:\/\/apartamentsager.com\/es\/wp-json\/wp\/v2\/pages\/1974\/revisions\/1999"}],"wp:attachment":[{"href":"https:\/\/apartamentsager.com\/es\/wp-json\/wp\/v2\/media?parent=1974"}],"curies":[{"name":"wp","href":"https:\/\/api.w.org\/{rel}","templated":true}]}}